{"id":192,"date":"2022-03-01T14:31:05","date_gmt":"2022-03-01T14:31:05","guid":{"rendered":"https:\/\/asosa.eurotrendmedia.de\/?page_id=192"},"modified":"2022-03-23T10:43:36","modified_gmt":"2022-03-23T10:43:36","slug":"zertifikat-bescheinigungen","status":"publish","type":"page","link":"https:\/\/asosabau.de\/?page_id=192","title":{"rendered":"Zertifikat &#038; Bescheinigungen"},"content":{"rendered":"\n<p class=\"has-text-align-left\">Die Kiwa International Cert GmbH bescheinigt, dass die Mitarbeiter des Unternehmens<br><\/p>\n\n\n\n<p class=\"has-text-align-left\"><strong>ASOSA Bauunternehmen GmbH, 64625 Bensheim<br><\/strong>gem\u00e4\u00df Dokument 018 des Normativen SCC Regelwerkes Version 2011<br>zertifiziert sind. Sie erf\u00fcllen die Anforderungen der Standards f\u00fcr Sicherheit,<br>Gesundheit und Umweltschutz (SGU).<br><\/p>\n\n\n\n<p class=\"has-text-align-left\"><strong>Diese Bescheinigung ist g\u00fcltig bis zum 15.10.2031<\/strong><\/p>\n\n\n\n<div class=\"wp-block-columns\">\n<div class=\"wp-block-column\">\n<figure class=\"wp-block-image size-full\"><img loading=\"lazy\" width=\"900\" height=\"500\" src=\"https:\/\/asosa.eurotrendmedia.de\/wp-content\/uploads\/2022\/03\/dakks-deutsche-akkreditierungsstelle-vector-logo.png\" alt=\"\" class=\"wp-image-193 img-responsive\" srcset=\"https:\/\/asosabau.de\/wp-content\/uploads\/2022\/03\/dakks-deutsche-akkreditierungsstelle-vector-logo.png 900w, https:\/\/asosabau.de\/wp-content\/uploads\/2022\/03\/dakks-deutsche-akkreditierungsstelle-vector-logo-300x167.png 300w, https:\/\/asosabau.de\/wp-content\/uploads\/2022\/03\/dakks-deutsche-akkreditierungsstelle-vector-logo-768x427.png 768w\" sizes=\"(max-width: 900px) 100vw, 900px\" \/><\/figure>\n<\/div>\n\n\n\n<div class=\"wp-block-column is-vertically-aligned-center\">\n<figure class=\"wp-block-image size-full\"><img loading=\"lazy\" width=\"900\" height=\"318\" src=\"https:\/\/asosa.eurotrendmedia.de\/wp-content\/uploads\/2022\/03\/csm_kiwa-logo_9a3f94cbdf.jpg\" alt=\"\" class=\"wp-image-194 img-responsive\" srcset=\"https:\/\/asosabau.de\/wp-content\/uploads\/2022\/03\/csm_kiwa-logo_9a3f94cbdf.jpg 900w, https:\/\/asosabau.de\/wp-content\/uploads\/2022\/03\/csm_kiwa-logo_9a3f94cbdf-300x106.jpg 300w, https:\/\/asosabau.de\/wp-content\/uploads\/2022\/03\/csm_kiwa-logo_9a3f94cbdf-768x271.jpg 768w\" sizes=\"(max-width: 900px) 100vw, 900px\" \/><\/figure>\n<\/div>\n<\/div>\n\n\n\n<div class=\"wp-container-69f1f90989204 wp-block-group\"><div class=\"wp-block-group__inner-container\">\n<div class=\"wp-block-columns\">\n<div class=\"wp-block-column\">\n<div class=\"wp-container-69f1f909879e5 wp-block-buttons\">\n<div class=\"wp-block-button is-style-outline\"><a class=\"wp-block-button__link\" href=\"\/#projects-grid\">Zur Pr\u00e4sentation<\/a><\/div>\n<\/div>\n<\/div>\n\n\n\n<div class=\"wp-block-column\">\n<div class=\"wp-container-69f1f9098888f wp-block-buttons\">\n<div class=\"wp-block-button is-style-outline\"><a class=\"wp-block-button__link\" href=\"\/#contact\">Angebot anfragen<\/a><\/div>\n<\/div>\n<\/div>\n<\/div>\n<\/div><\/div>\n\n\n\n<p><\/p>\n","protected":false},"excerpt":{"rendered":"<p>Die Kiwa International Cert GmbH bescheinigt, dass die Mitarbeiter des Unternehmens ASOSA Bauunternehmen GmbH, 64625 Bensheimgem\u00e4\u00df Dokument 018 des Normativen SCC Regelwerkes Version 2011zertifiziert sind. Sie erf\u00fcllen [&hellip;]<\/p>\n","protected":false},"author":1,"featured_media":0,"parent":0,"menu_order":0,"comment_status":"closed","ping_status":"closed","template":"","meta":[],"_links":{"self":[{"href":"https:\/\/asosabau.de\/index.php?rest_route=\/wp\/v2\/pages\/192"}],"collection":[{"href":"https:\/\/asosabau.de\/index.php?rest_route=\/wp\/v2\/pages"}],"about":[{"href":"https:\/\/asosabau.de\/index.php?rest_route=\/wp\/v2\/types\/page"}],"author":[{"embeddable":true,"href":"https:\/\/asosabau.de\/index.php?rest_route=\/wp\/v2\/users\/1"}],"replies":[{"embeddable":true,"href":"https:\/\/asosabau.de\/index.php?rest_route=%2Fwp%2Fv2%2Fcomments&post=192"}],"version-history":[{"count":4,"href":"https:\/\/asosabau.de\/index.php?rest_route=\/wp\/v2\/pages\/192\/revisions"}],"predecessor-version":[{"id":433,"href":"https:\/\/asosabau.de\/index.php?rest_route=\/wp\/v2\/pages\/192\/revisions\/433"}],"wp:attachment":[{"href":"https:\/\/asosabau.de\/index.php?rest_route=%2Fwp%2Fv2%2Fmedia&parent=192"}],"curies":[{"name":"wp","href":"https:\/\/api.w.org\/{rel}","templated":true}]}}