{"id":208,"date":"2022-03-02T09:36:47","date_gmt":"2022-03-02T09:36:47","guid":{"rendered":"https:\/\/asosa.eurotrendmedia.de\/?page_id=208"},"modified":"2023-02-02T08:35:45","modified_gmt":"2023-02-02T08:35:45","slug":"betoneinbau","status":"publish","type":"page","link":"https:\/\/asosabau.de\/?page_id=208","title":{"rendered":"Betoneinbau"},"content":{"rendered":"\n<p>Beim Betoneinbau wird der frisch angelieferte Beton sofort mit Betonr\u00fcttlern verarbeitet und verdichtet und anschlie\u00dfend mit Hilfe von Laserger\u00e4ten und Abziehlatten fachgerecht eingebaut.<\/p>\n\n\n\n<figure class=\"wp-block-gallery has-nested-images columns-default is-cropped\">\n<figure class=\"wp-block-image size-large\"><a href=\"https:\/\/asosabau.de\/wp-content\/uploads\/2022\/03\/Bau-Foto-031-scaled.jpg\"><img loading=\"lazy\" width=\"1024\" height=\"768\" data-id=\"374\"  src=\"https:\/\/asosa.eurotrendmedia.de\/wp-content\/uploads\/2022\/03\/Bau-Foto-031-1024x768.jpg\" alt=\"\" class=\"wp-image-374 img-responsive\" srcset=\"https:\/\/asosabau.de\/wp-content\/uploads\/2022\/03\/Bau-Foto-031-1024x768.jpg 1024w, https:\/\/asosabau.de\/wp-content\/uploads\/2022\/03\/Bau-Foto-031-300x225.jpg 300w, https:\/\/asosabau.de\/wp-content\/uploads\/2022\/03\/Bau-Foto-031-768x576.jpg 768w, https:\/\/asosabau.de\/wp-content\/uploads\/2022\/03\/Bau-Foto-031-1536x1152.jpg 1536w, https:\/\/asosabau.de\/wp-content\/uploads\/2022\/03\/Bau-Foto-031-2048x1536.jpg 2048w\" sizes=\"(max-width: 1024px) 100vw, 1024px\" \/><\/a><\/figure>\n\n\n\n<figure class=\"wp-block-image size-large\"><a href=\"https:\/\/asosabau.de\/wp-content\/uploads\/2022\/03\/Bild1.jpg\"><img loading=\"lazy\" width=\"423\" height=\"317\" data-id=\"373\"  src=\"https:\/\/asosa.eurotrendmedia.de\/wp-content\/uploads\/2022\/03\/Bild1.jpg\" alt=\"\" class=\"wp-image-373 img-responsive\" srcset=\"https:\/\/asosabau.de\/wp-content\/uploads\/2022\/03\/Bild1.jpg 423w, https:\/\/asosabau.de\/wp-content\/uploads\/2022\/03\/Bild1-300x225.jpg 300w\" sizes=\"(max-width: 423px) 100vw, 423px\" \/><\/a><\/figure>\n\n\n\n<figure class=\"wp-block-image size-large\"><a href=\"https:\/\/asosabau.de\/wp-content\/uploads\/2022\/03\/ilhan-269-scaled.jpg\"><img loading=\"lazy\" width=\"1024\" height=\"768\" data-id=\"376\"  src=\"https:\/\/asosa.eurotrendmedia.de\/wp-content\/uploads\/2022\/03\/ilhan-269-1024x768.jpg\" alt=\"\" class=\"wp-image-376 img-responsive\" srcset=\"https:\/\/asosabau.de\/wp-content\/uploads\/2022\/03\/ilhan-269-1024x768.jpg 1024w, https:\/\/asosabau.de\/wp-content\/uploads\/2022\/03\/ilhan-269-300x225.jpg 300w, https:\/\/asosabau.de\/wp-content\/uploads\/2022\/03\/ilhan-269-768x576.jpg 768w, https:\/\/asosabau.de\/wp-content\/uploads\/2022\/03\/ilhan-269-1536x1152.jpg 1536w, https:\/\/asosabau.de\/wp-content\/uploads\/2022\/03\/ilhan-269-2048x1536.jpg 2048w\" sizes=\"(max-width: 1024px) 100vw, 1024px\" \/><\/a><\/figure>\n\n\n\n<figure class=\"wp-block-image size-large\"><a href=\"https:\/\/asosabau.de\/wp-content\/uploads\/2022\/03\/IMG_0085-1-scaled.jpg\"><img loading=\"lazy\" width=\"1024\" height=\"768\" data-id=\"377\"  src=\"https:\/\/asosa.eurotrendmedia.de\/wp-content\/uploads\/2022\/03\/IMG_0085-1-1024x768.jpg\" alt=\"\" class=\"wp-image-377 img-responsive\" srcset=\"https:\/\/asosabau.de\/wp-content\/uploads\/2022\/03\/IMG_0085-1-1024x768.jpg 1024w, https:\/\/asosabau.de\/wp-content\/uploads\/2022\/03\/IMG_0085-1-300x225.jpg 300w, https:\/\/asosabau.de\/wp-content\/uploads\/2022\/03\/IMG_0085-1-768x576.jpg 768w, https:\/\/asosabau.de\/wp-content\/uploads\/2022\/03\/IMG_0085-1-1536x1152.jpg 1536w, https:\/\/asosabau.de\/wp-content\/uploads\/2022\/03\/IMG_0085-1-2048x1536.jpg 2048w\" sizes=\"(max-width: 1024px) 100vw, 1024px\" \/><\/a><\/figure>\n\n\n\n<figure class=\"wp-block-image size-large\"><a href=\"https:\/\/asosabau.de\/wp-content\/uploads\/2022\/03\/IMG_8003-scaled.jpg\"><img loading=\"lazy\" width=\"1024\" height=\"768\" data-id=\"375\"  src=\"https:\/\/asosa.eurotrendmedia.de\/wp-content\/uploads\/2022\/03\/IMG_8003-1024x768.jpg\" alt=\"\" class=\"wp-image-375 img-responsive\" srcset=\"https:\/\/asosabau.de\/wp-content\/uploads\/2022\/03\/IMG_8003-1024x768.jpg 1024w, https:\/\/asosabau.de\/wp-content\/uploads\/2022\/03\/IMG_8003-300x225.jpg 300w, https:\/\/asosabau.de\/wp-content\/uploads\/2022\/03\/IMG_8003-768x576.jpg 768w, https:\/\/asosabau.de\/wp-content\/uploads\/2022\/03\/IMG_8003-1536x1152.jpg 1536w, https:\/\/asosabau.de\/wp-content\/uploads\/2022\/03\/IMG_8003-2048x1536.jpg 2048w\" sizes=\"(max-width: 1024px) 100vw, 1024px\" \/><\/a><\/figure>\n\n\n\n<figure class=\"wp-block-image size-large\"><a href=\"https:\/\/asosabau.de\/wp-content\/uploads\/2022\/05\/betoneinbau.jpg\"><img loading=\"lazy\" width=\"1024\" height=\"768\" data-id=\"510\"  src=\"https:\/\/asosabau.de\/wp-content\/uploads\/2022\/05\/betoneinbau-1024x768.jpg\" alt=\"\" class=\"wp-image-510 img-responsive\" srcset=\"https:\/\/asosabau.de\/wp-content\/uploads\/2022\/05\/betoneinbau-1024x768.jpg 1024w, https:\/\/asosabau.de\/wp-content\/uploads\/2022\/05\/betoneinbau-300x225.jpg 300w, https:\/\/asosabau.de\/wp-content\/uploads\/2022\/05\/betoneinbau-768x576.jpg 768w, https:\/\/asosabau.de\/wp-content\/uploads\/2022\/05\/betoneinbau-1536x1152.jpg 1536w, https:\/\/asosabau.de\/wp-content\/uploads\/2022\/05\/betoneinbau.jpg 2048w\" sizes=\"(max-width: 1024px) 100vw, 1024px\" \/><\/a><\/figure>\n\n\n\n<figure class=\"wp-block-image size-large\"><a href=\"https:\/\/asosabau.de\/wp-content\/uploads\/2022\/05\/betoneinbau2.jpg\"><img loading=\"lazy\" width=\"1024\" height=\"768\" data-id=\"509\"  src=\"https:\/\/asosabau.de\/wp-content\/uploads\/2022\/05\/betoneinbau2-1024x768.jpg\" alt=\"\" class=\"wp-image-509 img-responsive\" srcset=\"https:\/\/asosabau.de\/wp-content\/uploads\/2022\/05\/betoneinbau2-1024x768.jpg 1024w, https:\/\/asosabau.de\/wp-content\/uploads\/2022\/05\/betoneinbau2-300x225.jpg 300w, https:\/\/asosabau.de\/wp-content\/uploads\/2022\/05\/betoneinbau2-768x576.jpg 768w, https:\/\/asosabau.de\/wp-content\/uploads\/2022\/05\/betoneinbau2-1536x1152.jpg 1536w, https:\/\/asosabau.de\/wp-content\/uploads\/2022\/05\/betoneinbau2.jpg 2048w\" sizes=\"(max-width: 1024px) 100vw, 1024px\" \/><\/a><\/figure>\n\n\n\n<figure class=\"wp-block-image size-large\"><a href=\"https:\/\/asosabau.de\/wp-content\/uploads\/2022\/05\/Betoneinbau-1.jpg\"><img loading=\"lazy\" width=\"1024\" height=\"768\" data-id=\"512\"  src=\"https:\/\/asosabau.de\/wp-content\/uploads\/2022\/05\/Betoneinbau-1-1024x768.jpg\" alt=\"\" class=\"wp-image-512 img-responsive\" srcset=\"https:\/\/asosabau.de\/wp-content\/uploads\/2022\/05\/Betoneinbau-1-1024x768.jpg 1024w, https:\/\/asosabau.de\/wp-content\/uploads\/2022\/05\/Betoneinbau-1-300x225.jpg 300w, https:\/\/asosabau.de\/wp-content\/uploads\/2022\/05\/Betoneinbau-1-768x576.jpg 768w, https:\/\/asosabau.de\/wp-content\/uploads\/2022\/05\/Betoneinbau-1-1536x1152.jpg 1536w, https:\/\/asosabau.de\/wp-content\/uploads\/2022\/05\/Betoneinbau-1.jpg 1600w\" sizes=\"(max-width: 1024px) 100vw, 1024px\" \/><\/a><\/figure>\n\n\n\n<figure class=\"wp-block-image size-large\"><a href=\"https:\/\/asosabau.de\/wp-content\/uploads\/2022\/05\/betoneinbau1.jpg\"><img loading=\"lazy\" width=\"1024\" height=\"768\" data-id=\"513\"  src=\"https:\/\/asosabau.de\/wp-content\/uploads\/2022\/05\/betoneinbau1.jpg\" alt=\"\" class=\"wp-image-513 img-responsive\" srcset=\"https:\/\/asosabau.de\/wp-content\/uploads\/2022\/05\/betoneinbau1.jpg 1024w, https:\/\/asosabau.de\/wp-content\/uploads\/2022\/05\/betoneinbau1-300x225.jpg 300w, https:\/\/asosabau.de\/wp-content\/uploads\/2022\/05\/betoneinbau1-768x576.jpg 768w\" sizes=\"(max-width: 1024px) 100vw, 1024px\" \/><\/a><\/figure>\n\n\n\n<figure class=\"wp-block-image size-large\"><a href=\"https:\/\/asosabau.de\/wp-content\/uploads\/2022\/05\/einbau2.jpg\"><img loading=\"lazy\" width=\"1024\" height=\"768\" data-id=\"514\"  src=\"https:\/\/asosabau.de\/wp-content\/uploads\/2022\/05\/einbau2.jpg\" alt=\"\" class=\"wp-image-514 img-responsive\" srcset=\"https:\/\/asosabau.de\/wp-content\/uploads\/2022\/05\/einbau2.jpg 1024w, https:\/\/asosabau.de\/wp-content\/uploads\/2022\/05\/einbau2-300x225.jpg 300w, https:\/\/asosabau.de\/wp-content\/uploads\/2022\/05\/einbau2-768x576.jpg 768w\" sizes=\"(max-width: 1024px) 100vw, 1024px\" \/><\/a><\/figure>\n\n\n\n<figure class=\"wp-block-image size-large\"><a href=\"https:\/\/asosabau.de\/wp-content\/uploads\/2022\/05\/Betoneinbau-2.jpg\"><img loading=\"lazy\" width=\"1024\" height=\"478\" data-id=\"515\"  src=\"https:\/\/asosabau.de\/wp-content\/uploads\/2022\/05\/Betoneinbau-2.jpg\" alt=\"\" class=\"wp-image-515 img-responsive\" srcset=\"https:\/\/asosabau.de\/wp-content\/uploads\/2022\/05\/Betoneinbau-2.jpg 1024w, https:\/\/asosabau.de\/wp-content\/uploads\/2022\/05\/Betoneinbau-2-300x140.jpg 300w, https:\/\/asosabau.de\/wp-content\/uploads\/2022\/05\/Betoneinbau-2-768x359.jpg 768w\" sizes=\"(max-width: 1024px) 100vw, 1024px\" \/><\/a><\/figure>\n\n\n\n<figure class=\"wp-block-image size-large\"><img loading=\"lazy\" width=\"2560\" height=\"1920\" data-id=\"534\"  src=\"https:\/\/asosabau.de\/wp-content\/uploads\/2023\/02\/IMG_2035-scaled.jpg\" alt=\"\" class=\"wp-image-534 img-responsive\" srcset=\"https:\/\/asosabau.de\/wp-content\/uploads\/2023\/02\/IMG_2035-scaled.jpg 2560w, https:\/\/asosabau.de\/wp-content\/uploads\/2023\/02\/IMG_2035-300x225.jpg 300w, https:\/\/asosabau.de\/wp-content\/uploads\/2023\/02\/IMG_2035-1024x768.jpg 1024w, https:\/\/asosabau.de\/wp-content\/uploads\/2023\/02\/IMG_2035-768x576.jpg 768w, https:\/\/asosabau.de\/wp-content\/uploads\/2023\/02\/IMG_2035-1536x1152.jpg 1536w, https:\/\/asosabau.de\/wp-content\/uploads\/2023\/02\/IMG_2035-2048x1536.jpg 2048w\" sizes=\"(max-width: 2560px) 100vw, 2560px\" \/><\/figure>\n\n\n\n<figure class=\"wp-block-image size-large\"><img loading=\"lazy\" width=\"2560\" height=\"1920\" data-id=\"535\"  src=\"https:\/\/asosabau.de\/wp-content\/uploads\/2023\/02\/IMG_2335-scaled.jpg\" alt=\"\" class=\"wp-image-535 img-responsive\" srcset=\"https:\/\/asosabau.de\/wp-content\/uploads\/2023\/02\/IMG_2335-scaled.jpg 2560w, https:\/\/asosabau.de\/wp-content\/uploads\/2023\/02\/IMG_2335-300x225.jpg 300w, https:\/\/asosabau.de\/wp-content\/uploads\/2023\/02\/IMG_2335-1024x768.jpg 1024w, https:\/\/asosabau.de\/wp-content\/uploads\/2023\/02\/IMG_2335-768x576.jpg 768w, https:\/\/asosabau.de\/wp-content\/uploads\/2023\/02\/IMG_2335-1536x1152.jpg 1536w, https:\/\/asosabau.de\/wp-content\/uploads\/2023\/02\/IMG_2335-2048x1536.jpg 2048w\" sizes=\"(max-width: 2560px) 100vw, 2560px\" \/><\/figure>\n\n\n\n<figure class=\"wp-block-image size-large\"><img loading=\"lazy\" width=\"2560\" height=\"1920\" data-id=\"536\"  src=\"https:\/\/asosabau.de\/wp-content\/uploads\/2023\/02\/IMG_2400-scaled.jpg\" alt=\"\" class=\"wp-image-536 img-responsive\" srcset=\"https:\/\/asosabau.de\/wp-content\/uploads\/2023\/02\/IMG_2400-scaled.jpg 2560w, https:\/\/asosabau.de\/wp-content\/uploads\/2023\/02\/IMG_2400-300x225.jpg 300w, https:\/\/asosabau.de\/wp-content\/uploads\/2023\/02\/IMG_2400-1024x768.jpg 1024w, https:\/\/asosabau.de\/wp-content\/uploads\/2023\/02\/IMG_2400-768x576.jpg 768w, https:\/\/asosabau.de\/wp-content\/uploads\/2023\/02\/IMG_2400-1536x1152.jpg 1536w, https:\/\/asosabau.de\/wp-content\/uploads\/2023\/02\/IMG_2400-2048x1536.jpg 2048w\" sizes=\"(max-width: 2560px) 100vw, 2560px\" \/><\/figure>\n\n\n\n<figure class=\"wp-block-image size-large\"><img loading=\"lazy\" width=\"2560\" height=\"1920\" data-id=\"537\"  src=\"https:\/\/asosabau.de\/wp-content\/uploads\/2023\/02\/IMG_2409-scaled.jpg\" alt=\"\" class=\"wp-image-537 img-responsive\" srcset=\"https:\/\/asosabau.de\/wp-content\/uploads\/2023\/02\/IMG_2409-scaled.jpg 2560w, https:\/\/asosabau.de\/wp-content\/uploads\/2023\/02\/IMG_2409-300x225.jpg 300w, https:\/\/asosabau.de\/wp-content\/uploads\/2023\/02\/IMG_2409-1024x768.jpg 1024w, https:\/\/asosabau.de\/wp-content\/uploads\/2023\/02\/IMG_2409-768x576.jpg 768w, https:\/\/asosabau.de\/wp-content\/uploads\/2023\/02\/IMG_2409-1536x1152.jpg 1536w, https:\/\/asosabau.de\/wp-content\/uploads\/2023\/02\/IMG_2409-2048x1536.jpg 2048w\" sizes=\"(max-width: 2560px) 100vw, 2560px\" \/><\/figure>\n\n\n\n<figure class=\"wp-block-image size-large\"><img loading=\"lazy\" width=\"2560\" height=\"1920\" data-id=\"538\"  src=\"https:\/\/asosabau.de\/wp-content\/uploads\/2023\/02\/IMG_2429-scaled.jpg\" alt=\"\" class=\"wp-image-538 img-responsive\" srcset=\"https:\/\/asosabau.de\/wp-content\/uploads\/2023\/02\/IMG_2429-scaled.jpg 2560w, https:\/\/asosabau.de\/wp-content\/uploads\/2023\/02\/IMG_2429-300x225.jpg 300w, https:\/\/asosabau.de\/wp-content\/uploads\/2023\/02\/IMG_2429-1024x768.jpg 1024w, https:\/\/asosabau.de\/wp-content\/uploads\/2023\/02\/IMG_2429-768x576.jpg 768w, https:\/\/asosabau.de\/wp-content\/uploads\/2023\/02\/IMG_2429-1536x1152.jpg 1536w, https:\/\/asosabau.de\/wp-content\/uploads\/2023\/02\/IMG_2429-2048x1536.jpg 2048w\" sizes=\"(max-width: 2560px) 100vw, 2560px\" \/><\/figure>\n\n\n\n<figure class=\"wp-block-image size-large\"><img loading=\"lazy\" width=\"2560\" height=\"1524\" data-id=\"539\"  src=\"https:\/\/asosabau.de\/wp-content\/uploads\/2023\/02\/IMG_2432-scaled.jpg\" alt=\"\" class=\"wp-image-539 img-responsive\" srcset=\"https:\/\/asosabau.de\/wp-content\/uploads\/2023\/02\/IMG_2432-scaled.jpg 2560w, https:\/\/asosabau.de\/wp-content\/uploads\/2023\/02\/IMG_2432-300x179.jpg 300w, https:\/\/asosabau.de\/wp-content\/uploads\/2023\/02\/IMG_2432-1024x609.jpg 1024w, https:\/\/asosabau.de\/wp-content\/uploads\/2023\/02\/IMG_2432-768x457.jpg 768w, https:\/\/asosabau.de\/wp-content\/uploads\/2023\/02\/IMG_2432-1536x914.jpg 1536w, https:\/\/asosabau.de\/wp-content\/uploads\/2023\/02\/IMG_2432-2048x1219.jpg 2048w\" sizes=\"(max-width: 2560px) 100vw, 2560px\" \/><\/figure>\n\n\n\n<figure class=\"wp-block-image size-large\"><img loading=\"lazy\" width=\"2560\" height=\"1920\" data-id=\"540\"  src=\"https:\/\/asosabau.de\/wp-content\/uploads\/2023\/02\/IMG_2433-scaled.jpg\" alt=\"\" class=\"wp-image-540 img-responsive\" srcset=\"https:\/\/asosabau.de\/wp-content\/uploads\/2023\/02\/IMG_2433-scaled.jpg 2560w, https:\/\/asosabau.de\/wp-content\/uploads\/2023\/02\/IMG_2433-300x225.jpg 300w, https:\/\/asosabau.de\/wp-content\/uploads\/2023\/02\/IMG_2433-1024x768.jpg 1024w, https:\/\/asosabau.de\/wp-content\/uploads\/2023\/02\/IMG_2433-768x576.jpg 768w, https:\/\/asosabau.de\/wp-content\/uploads\/2023\/02\/IMG_2433-1536x1152.jpg 1536w, https:\/\/asosabau.de\/wp-content\/uploads\/2023\/02\/IMG_2433-2048x1536.jpg 2048w\" sizes=\"(max-width: 2560px) 100vw, 2560px\" \/><\/figure>\n\n\n\n<figure class=\"wp-block-image size-large\"><img loading=\"lazy\" width=\"2560\" height=\"1920\" data-id=\"541\"  src=\"https:\/\/asosabau.de\/wp-content\/uploads\/2023\/02\/IMG_2436-scaled.jpg\" alt=\"\" class=\"wp-image-541 img-responsive\" srcset=\"https:\/\/asosabau.de\/wp-content\/uploads\/2023\/02\/IMG_2436-scaled.jpg 2560w, https:\/\/asosabau.de\/wp-content\/uploads\/2023\/02\/IMG_2436-300x225.jpg 300w, https:\/\/asosabau.de\/wp-content\/uploads\/2023\/02\/IMG_2436-1024x768.jpg 1024w, https:\/\/asosabau.de\/wp-content\/uploads\/2023\/02\/IMG_2436-768x576.jpg 768w, https:\/\/asosabau.de\/wp-content\/uploads\/2023\/02\/IMG_2436-1536x1152.jpg 1536w, https:\/\/asosabau.de\/wp-content\/uploads\/2023\/02\/IMG_2436-2048x1536.jpg 2048w\" sizes=\"(max-width: 2560px) 100vw, 2560px\" \/><\/figure>\n<\/figure>\n\n\n\n<div class=\"wp-container-69f1f9813105d wp-block-group\"><div class=\"wp-block-group__inner-container\">\n<div class=\"wp-block-columns\">\n<div class=\"wp-block-column\">\n<div class=\"wp-container-69f1f9812fd30 wp-block-buttons\">\n<div class=\"wp-block-button is-style-outline\"><a class=\"wp-block-button__link\" href=\"\/#projects-grid\">Zur Pr\u00e4sentation<\/a><\/div>\n<\/div>\n<\/div>\n\n\n\n<div class=\"wp-block-column\">\n<div class=\"wp-container-69f1f98130722 wp-block-buttons\">\n<div class=\"wp-block-button is-style-outline\"><a class=\"wp-block-button__link\" href=\"\/#contact\">Angebot anfragen<\/a><\/div>\n<\/div>\n<\/div>\n<\/div>\n<\/div><\/div>\n\n\n\n<p><\/p>\n","protected":false},"excerpt":{"rendered":"<p>Beim Betoneinbau wird der frisch angelieferte Beton sofort mit Betonr\u00fcttlern verarbeitet und verdichtet und anschlie\u00dfend mit Hilfe von Laserger\u00e4ten und Abziehlatten fachgerecht eingebaut.<\/p>\n","protected":false},"author":1,"featured_media":0,"parent":0,"menu_order":0,"comment_status":"closed","ping_status":"closed","template":"","meta":[],"_links":{"self":[{"href":"https:\/\/asosabau.de\/index.php?rest_route=\/wp\/v2\/pages\/208"}],"collection":[{"href":"https:\/\/asosabau.de\/index.php?rest_route=\/wp\/v2\/pages"}],"about":[{"href":"https:\/\/asosabau.de\/index.php?rest_route=\/wp\/v2\/types\/page"}],"author":[{"embeddable":true,"href":"https:\/\/asosabau.de\/index.php?rest_route=\/wp\/v2\/users\/1"}],"replies":[{"embeddable":true,"href":"https:\/\/asosabau.de\/index.php?rest_route=%2Fwp%2Fv2%2Fcomments&post=208"}],"version-history":[{"count":9,"href":"https:\/\/asosabau.de\/index.php?rest_route=\/wp\/v2\/pages\/208\/revisions"}],"predecessor-version":[{"id":542,"href":"https:\/\/asosabau.de\/index.php?rest_route=\/wp\/v2\/pages\/208\/revisions\/542"}],"wp:attachment":[{"href":"https:\/\/asosabau.de\/index.php?rest_route=%2Fwp%2Fv2%2Fmedia&parent=208"}],"curies":[{"name":"wp","href":"https:\/\/api.w.org\/{rel}","templated":true}]}}