{"id":210,"date":"2022-03-02T09:38:16","date_gmt":"2022-03-02T09:38:16","guid":{"rendered":"https:\/\/asosa.eurotrendmedia.de\/?page_id=210"},"modified":"2023-02-02T08:37:51","modified_gmt":"2023-02-02T08:37:51","slug":"betonglaetten","status":"publish","type":"page","link":"https:\/\/asosabau.de\/?page_id=210","title":{"rendered":"Betongl\u00e4tten\/Besenstrich"},"content":{"rendered":"\n<p>Beim Betongl\u00e4tten wird der monolithische Betonboden mit speziellen Fl\u00fcgelgl\u00e4ttmaschinen gegl\u00e4ttet, um einen m\u00f6glichst widerstandsf\u00e4higen Betonboden zu erhalten.<br>Im Idealfall werden der Betoneinbau und das anschlie\u00dfende Betongl\u00e4tten aus einer Hand durchgef\u00fchrt, um weitere Behandlungen wie die Veredelung, Versiegelung oder das Einbringen von Hartstoffen im Vorfeld zu planen.<\/p>\n\n\n\n<figure class=\"wp-block-gallery has-nested-images columns-default is-cropped\">\n<figure class=\"wp-block-image size-large\"><a href=\"https:\/\/asosabau.de\/wp-content\/uploads\/2022\/03\/Bau-Foto-078-scaled.jpg\"><img loading=\"lazy\" width=\"1024\" height=\"768\" data-id=\"382\"  src=\"https:\/\/asosa.eurotrendmedia.de\/wp-content\/uploads\/2022\/03\/Bau-Foto-078-1024x768.jpg\" alt=\"\" class=\"wp-image-382 img-responsive\" srcset=\"https:\/\/asosabau.de\/wp-content\/uploads\/2022\/03\/Bau-Foto-078-1024x768.jpg 1024w, https:\/\/asosabau.de\/wp-content\/uploads\/2022\/03\/Bau-Foto-078-300x225.jpg 300w, https:\/\/asosabau.de\/wp-content\/uploads\/2022\/03\/Bau-Foto-078-768x576.jpg 768w, https:\/\/asosabau.de\/wp-content\/uploads\/2022\/03\/Bau-Foto-078-1536x1152.jpg 1536w, https:\/\/asosabau.de\/wp-content\/uploads\/2022\/03\/Bau-Foto-078-2048x1536.jpg 2048w\" sizes=\"(max-width: 1024px) 100vw, 1024px\" \/><\/a><\/figure>\n\n\n\n<figure class=\"wp-block-image size-large\"><a href=\"https:\/\/asosabau.de\/wp-content\/uploads\/2022\/03\/ilhan-260-scaled.jpg\"><img loading=\"lazy\" width=\"1024\" height=\"768\" data-id=\"386\"  src=\"https:\/\/asosa.eurotrendmedia.de\/wp-content\/uploads\/2022\/03\/ilhan-260-1024x768.jpg\" alt=\"\" class=\"wp-image-386 img-responsive\" srcset=\"https:\/\/asosabau.de\/wp-content\/uploads\/2022\/03\/ilhan-260-1024x768.jpg 1024w, https:\/\/asosabau.de\/wp-content\/uploads\/2022\/03\/ilhan-260-300x225.jpg 300w, https:\/\/asosabau.de\/wp-content\/uploads\/2022\/03\/ilhan-260-768x576.jpg 768w, https:\/\/asosabau.de\/wp-content\/uploads\/2022\/03\/ilhan-260-1536x1152.jpg 1536w, https:\/\/asosabau.de\/wp-content\/uploads\/2022\/03\/ilhan-260-2048x1536.jpg 2048w\" sizes=\"(max-width: 1024px) 100vw, 1024px\" \/><\/a><\/figure>\n\n\n\n<figure class=\"wp-block-image size-large\"><a href=\"https:\/\/asosabau.de\/wp-content\/uploads\/2022\/03\/ilhan-262-scaled.jpg\"><img loading=\"lazy\" width=\"1024\" height=\"768\" data-id=\"385\"  src=\"https:\/\/asosa.eurotrendmedia.de\/wp-content\/uploads\/2022\/03\/ilhan-262-1024x768.jpg\" alt=\"\" class=\"wp-image-385 img-responsive\" srcset=\"https:\/\/asosabau.de\/wp-content\/uploads\/2022\/03\/ilhan-262-1024x768.jpg 1024w, https:\/\/asosabau.de\/wp-content\/uploads\/2022\/03\/ilhan-262-300x225.jpg 300w, https:\/\/asosabau.de\/wp-content\/uploads\/2022\/03\/ilhan-262-768x576.jpg 768w, https:\/\/asosabau.de\/wp-content\/uploads\/2022\/03\/ilhan-262-1536x1152.jpg 1536w, https:\/\/asosabau.de\/wp-content\/uploads\/2022\/03\/ilhan-262-2048x1536.jpg 2048w\" sizes=\"(max-width: 1024px) 100vw, 1024px\" \/><\/a><\/figure>\n\n\n\n<figure class=\"wp-block-image size-large\"><a href=\"https:\/\/asosabau.de\/wp-content\/uploads\/2022\/03\/IMG_7277-1-scaled.jpg\"><img loading=\"lazy\" width=\"1024\" height=\"768\" data-id=\"383\"  src=\"https:\/\/asosa.eurotrendmedia.de\/wp-content\/uploads\/2022\/03\/IMG_7277-1-1024x768.jpg\" alt=\"\" class=\"wp-image-383 img-responsive\" srcset=\"https:\/\/asosabau.de\/wp-content\/uploads\/2022\/03\/IMG_7277-1-1024x768.jpg 1024w, https:\/\/asosabau.de\/wp-content\/uploads\/2022\/03\/IMG_7277-1-300x225.jpg 300w, https:\/\/asosabau.de\/wp-content\/uploads\/2022\/03\/IMG_7277-1-768x576.jpg 768w, https:\/\/asosabau.de\/wp-content\/uploads\/2022\/03\/IMG_7277-1-1536x1152.jpg 1536w, https:\/\/asosabau.de\/wp-content\/uploads\/2022\/03\/IMG_7277-1-2048x1536.jpg 2048w\" sizes=\"(max-width: 1024px) 100vw, 1024px\" \/><\/a><\/figure>\n\n\n\n<figure class=\"wp-block-image size-large\"><a href=\"https:\/\/asosabau.de\/wp-content\/uploads\/2022\/03\/IMG_8006-scaled.jpg\"><img loading=\"lazy\" width=\"1024\" height=\"768\" data-id=\"384\"  src=\"https:\/\/asosa.eurotrendmedia.de\/wp-content\/uploads\/2022\/03\/IMG_8006-1024x768.jpg\" alt=\"\" class=\"wp-image-384 img-responsive\" srcset=\"https:\/\/asosabau.de\/wp-content\/uploads\/2022\/03\/IMG_8006-1024x768.jpg 1024w, https:\/\/asosabau.de\/wp-content\/uploads\/2022\/03\/IMG_8006-300x225.jpg 300w, https:\/\/asosabau.de\/wp-content\/uploads\/2022\/03\/IMG_8006-768x576.jpg 768w, https:\/\/asosabau.de\/wp-content\/uploads\/2022\/03\/IMG_8006-1536x1152.jpg 1536w, https:\/\/asosabau.de\/wp-content\/uploads\/2022\/03\/IMG_8006-2048x1536.jpg 2048w\" sizes=\"(max-width: 1024px) 100vw, 1024px\" \/><\/a><\/figure>\n\n\n\n<figure class=\"wp-block-image size-large\"><a href=\"https:\/\/asosabau.de\/wp-content\/uploads\/2022\/05\/Gla\u0308t-2.jpg\"><img loading=\"lazy\" width=\"1024\" height=\"479\" data-id=\"500\"  src=\"https:\/\/asosabau.de\/wp-content\/uploads\/2022\/05\/Gla\u0308t-2-1024x479.jpg\" alt=\"\" class=\"wp-image-500 img-responsive\" srcset=\"https:\/\/asosabau.de\/wp-content\/uploads\/2022\/05\/Gla\u0308t-2-1024x479.jpg 1024w, https:\/\/asosabau.de\/wp-content\/uploads\/2022\/05\/Gla\u0308t-2-300x140.jpg 300w, https:\/\/asosabau.de\/wp-content\/uploads\/2022\/05\/Gla\u0308t-2-768x359.jpg 768w, https:\/\/asosabau.de\/wp-content\/uploads\/2022\/05\/Gla\u0308t-2.jpg 1125w\" sizes=\"(max-width: 1024px) 100vw, 1024px\" \/><\/a><\/figure>\n\n\n\n<figure class=\"wp-block-image size-large\"><a href=\"https:\/\/asosabau.de\/wp-content\/uploads\/2022\/05\/Gla\u0308t1.jpg\"><img loading=\"lazy\" width=\"1024\" height=\"768\" data-id=\"501\"  src=\"https:\/\/asosabau.de\/wp-content\/uploads\/2022\/05\/Gla\u0308t1-1024x768.jpg\" alt=\"\" class=\"wp-image-501 img-responsive\" srcset=\"https:\/\/asosabau.de\/wp-content\/uploads\/2022\/05\/Gla\u0308t1-1024x768.jpg 1024w, https:\/\/asosabau.de\/wp-content\/uploads\/2022\/05\/Gla\u0308t1-300x225.jpg 300w, https:\/\/asosabau.de\/wp-content\/uploads\/2022\/05\/Gla\u0308t1-768x576.jpg 768w, https:\/\/asosabau.de\/wp-content\/uploads\/2022\/05\/Gla\u0308t1-1536x1152.jpg 1536w, https:\/\/asosabau.de\/wp-content\/uploads\/2022\/05\/Gla\u0308t1.jpg 1600w\" sizes=\"(max-width: 1024px) 100vw, 1024px\" \/><\/a><\/figure>\n\n\n\n<figure class=\"wp-block-image size-large\"><a href=\"https:\/\/asosabau.de\/wp-content\/uploads\/2022\/05\/gla\u0308tt.jpg\"><img loading=\"lazy\" width=\"1024\" height=\"768\" data-id=\"503\"  src=\"https:\/\/asosabau.de\/wp-content\/uploads\/2022\/05\/gla\u0308tt-1024x768.jpg\" alt=\"\" class=\"wp-image-503 img-responsive\" srcset=\"https:\/\/asosabau.de\/wp-content\/uploads\/2022\/05\/gla\u0308tt-1024x768.jpg 1024w, https:\/\/asosabau.de\/wp-content\/uploads\/2022\/05\/gla\u0308tt-300x225.jpg 300w, https:\/\/asosabau.de\/wp-content\/uploads\/2022\/05\/gla\u0308tt-768x576.jpg 768w, https:\/\/asosabau.de\/wp-content\/uploads\/2022\/05\/gla\u0308tt-1536x1152.jpg 1536w, https:\/\/asosabau.de\/wp-content\/uploads\/2022\/05\/gla\u0308tt.jpg 2048w\" sizes=\"(max-width: 1024px) 100vw, 1024px\" \/><\/a><\/figure>\n\n\n\n<figure class=\"wp-block-image size-large\"><a href=\"https:\/\/asosabau.de\/wp-content\/uploads\/2022\/05\/gla\u0308tten-2.jpg\"><img loading=\"lazy\" width=\"1024\" height=\"768\" data-id=\"504\"  src=\"https:\/\/asosabau.de\/wp-content\/uploads\/2022\/05\/gla\u0308tten-2.jpg\" alt=\"\" class=\"wp-image-504 img-responsive\" srcset=\"https:\/\/asosabau.de\/wp-content\/uploads\/2022\/05\/gla\u0308tten-2.jpg 1024w, https:\/\/asosabau.de\/wp-content\/uploads\/2022\/05\/gla\u0308tten-2-300x225.jpg 300w, https:\/\/asosabau.de\/wp-content\/uploads\/2022\/05\/gla\u0308tten-2-768x576.jpg 768w\" sizes=\"(max-width: 1024px) 100vw, 1024px\" \/><\/a><\/figure>\n\n\n\n<figure class=\"wp-block-image size-large\"><a href=\"https:\/\/asosabau.de\/wp-content\/uploads\/2022\/05\/gla\u0308tten.jpg\"><img loading=\"lazy\" width=\"1024\" height=\"768\" data-id=\"505\"  src=\"https:\/\/asosabau.de\/wp-content\/uploads\/2022\/05\/gla\u0308tten.jpg\" alt=\"\" class=\"wp-image-505 img-responsive\" srcset=\"https:\/\/asosabau.de\/wp-content\/uploads\/2022\/05\/gla\u0308tten.jpg 1024w, https:\/\/asosabau.de\/wp-content\/uploads\/2022\/05\/gla\u0308tten-300x225.jpg 300w, https:\/\/asosabau.de\/wp-content\/uploads\/2022\/05\/gla\u0308tten-768x576.jpg 768w\" sizes=\"(max-width: 1024px) 100vw, 1024px\" \/><\/a><\/figure>\n\n\n\n<figure class=\"wp-block-image size-large\"><a href=\"https:\/\/asosabau.de\/wp-content\/uploads\/2022\/05\/Gla\u0308tten-1.jpg\"><img loading=\"lazy\" width=\"1024\" height=\"768\" data-id=\"506\"  src=\"https:\/\/asosabau.de\/wp-content\/uploads\/2022\/05\/Gla\u0308tten-1-1024x768.jpg\" alt=\"\" class=\"wp-image-506 img-responsive\" srcset=\"https:\/\/asosabau.de\/wp-content\/uploads\/2022\/05\/Gla\u0308tten-1-1024x768.jpg 1024w, https:\/\/asosabau.de\/wp-content\/uploads\/2022\/05\/Gla\u0308tten-1-300x225.jpg 300w, https:\/\/asosabau.de\/wp-content\/uploads\/2022\/05\/Gla\u0308tten-1-768x576.jpg 768w, https:\/\/asosabau.de\/wp-content\/uploads\/2022\/05\/Gla\u0308tten-1.jpg 1080w\" sizes=\"(max-width: 1024px) 100vw, 1024px\" \/><\/a><\/figure>\n\n\n\n<figure class=\"wp-block-image size-large\"><a href=\"https:\/\/asosabau.de\/wp-content\/uploads\/2022\/05\/Gla\u0308tten-3.jpg\"><img loading=\"lazy\" width=\"1024\" height=\"478\" data-id=\"507\"  src=\"https:\/\/asosabau.de\/wp-content\/uploads\/2022\/05\/Gla\u0308tten-3.jpg\" alt=\"\" class=\"wp-image-507 img-responsive\" srcset=\"https:\/\/asosabau.de\/wp-content\/uploads\/2022\/05\/Gla\u0308tten-3.jpg 1024w, https:\/\/asosabau.de\/wp-content\/uploads\/2022\/05\/Gla\u0308tten-3-300x140.jpg 300w, https:\/\/asosabau.de\/wp-content\/uploads\/2022\/05\/Gla\u0308tten-3-768x359.jpg 768w\" sizes=\"(max-width: 1024px) 100vw, 1024px\" \/><\/a><\/figure>\n\n\n\n<figure class=\"wp-block-image size-large\"><img loading=\"lazy\" width=\"2560\" height=\"1920\" data-id=\"543\"  src=\"https:\/\/asosabau.de\/wp-content\/uploads\/2023\/02\/IMG_1132-scaled.jpg\" alt=\"\" class=\"wp-image-543 img-responsive\" srcset=\"https:\/\/asosabau.de\/wp-content\/uploads\/2023\/02\/IMG_1132-scaled.jpg 2560w, https:\/\/asosabau.de\/wp-content\/uploads\/2023\/02\/IMG_1132-300x225.jpg 300w, https:\/\/asosabau.de\/wp-content\/uploads\/2023\/02\/IMG_1132-1024x768.jpg 1024w, https:\/\/asosabau.de\/wp-content\/uploads\/2023\/02\/IMG_1132-768x576.jpg 768w, https:\/\/asosabau.de\/wp-content\/uploads\/2023\/02\/IMG_1132-1536x1152.jpg 1536w, https:\/\/asosabau.de\/wp-content\/uploads\/2023\/02\/IMG_1132-2048x1536.jpg 2048w\" sizes=\"(max-width: 2560px) 100vw, 2560px\" \/><\/figure>\n\n\n\n<figure class=\"wp-block-image size-large\"><img loading=\"lazy\" width=\"2560\" height=\"1920\" data-id=\"544\"  src=\"https:\/\/asosabau.de\/wp-content\/uploads\/2023\/02\/IMG_1174-scaled.jpg\" alt=\"\" class=\"wp-image-544 img-responsive\" srcset=\"https:\/\/asosabau.de\/wp-content\/uploads\/2023\/02\/IMG_1174-scaled.jpg 2560w, https:\/\/asosabau.de\/wp-content\/uploads\/2023\/02\/IMG_1174-300x225.jpg 300w, https:\/\/asosabau.de\/wp-content\/uploads\/2023\/02\/IMG_1174-1024x768.jpg 1024w, https:\/\/asosabau.de\/wp-content\/uploads\/2023\/02\/IMG_1174-768x576.jpg 768w, https:\/\/asosabau.de\/wp-content\/uploads\/2023\/02\/IMG_1174-1536x1152.jpg 1536w, https:\/\/asosabau.de\/wp-content\/uploads\/2023\/02\/IMG_1174-2048x1536.jpg 2048w\" sizes=\"(max-width: 2560px) 100vw, 2560px\" \/><\/figure>\n\n\n\n<figure class=\"wp-block-image size-large\"><img loading=\"lazy\" width=\"2560\" height=\"1920\" data-id=\"545\"  src=\"https:\/\/asosabau.de\/wp-content\/uploads\/2023\/02\/IMG_2898-scaled.jpg\" alt=\"\" class=\"wp-image-545 img-responsive\" srcset=\"https:\/\/asosabau.de\/wp-content\/uploads\/2023\/02\/IMG_2898-scaled.jpg 2560w, https:\/\/asosabau.de\/wp-content\/uploads\/2023\/02\/IMG_2898-300x225.jpg 300w, https:\/\/asosabau.de\/wp-content\/uploads\/2023\/02\/IMG_2898-1024x768.jpg 1024w, https:\/\/asosabau.de\/wp-content\/uploads\/2023\/02\/IMG_2898-768x576.jpg 768w, https:\/\/asosabau.de\/wp-content\/uploads\/2023\/02\/IMG_2898-1536x1152.jpg 1536w, https:\/\/asosabau.de\/wp-content\/uploads\/2023\/02\/IMG_2898-2048x1536.jpg 2048w\" sizes=\"(max-width: 2560px) 100vw, 2560px\" \/><\/figure>\n\n\n\n<figure class=\"wp-block-image size-large\"><img loading=\"lazy\" width=\"2560\" height=\"1920\" data-id=\"546\"  src=\"https:\/\/asosabau.de\/wp-content\/uploads\/2023\/02\/IMG_2917-scaled.jpg\" alt=\"\" class=\"wp-image-546 img-responsive\" srcset=\"https:\/\/asosabau.de\/wp-content\/uploads\/2023\/02\/IMG_2917-scaled.jpg 2560w, https:\/\/asosabau.de\/wp-content\/uploads\/2023\/02\/IMG_2917-300x225.jpg 300w, https:\/\/asosabau.de\/wp-content\/uploads\/2023\/02\/IMG_2917-1024x768.jpg 1024w, https:\/\/asosabau.de\/wp-content\/uploads\/2023\/02\/IMG_2917-768x576.jpg 768w, https:\/\/asosabau.de\/wp-content\/uploads\/2023\/02\/IMG_2917-1536x1152.jpg 1536w, https:\/\/asosabau.de\/wp-content\/uploads\/2023\/02\/IMG_2917-2048x1536.jpg 2048w\" sizes=\"(max-width: 2560px) 100vw, 2560px\" \/><\/figure>\n<\/figure>\n\n\n\n<div class=\"wp-container-69f1f97baaa54 wp-block-group\"><div class=\"wp-block-group__inner-container\">\n<div class=\"wp-block-columns\">\n<div class=\"wp-block-column\">\n<div class=\"wp-container-69f1f97ba96a5 wp-block-buttons\">\n<div class=\"wp-block-button is-style-outline\"><a class=\"wp-block-button__link\" href=\"\/#projects-grid\">Zur Pr\u00e4sentation<\/a><\/div>\n<\/div>\n<\/div>\n\n\n\n<div class=\"wp-block-column\">\n<div class=\"wp-container-69f1f97baa12c wp-block-buttons\">\n<div class=\"wp-block-button is-style-outline\"><a class=\"wp-block-button__link\" href=\"\/#contact\">Angebot anfragen<\/a><\/div>\n<\/div>\n<\/div>\n<\/div>\n<\/div><\/div>\n\n\n\n<p><\/p>\n","protected":false},"excerpt":{"rendered":"<p>Beim Betongl\u00e4tten wird der monolithische Betonboden mit speziellen Fl\u00fcgelgl\u00e4ttmaschinen gegl\u00e4ttet, um einen m\u00f6glichst widerstandsf\u00e4higen Betonboden zu erhalten.Im Idealfall werden der Betoneinbau und das anschlie\u00dfende Betongl\u00e4tten aus einer [&hellip;]<\/p>\n","protected":false},"author":1,"featured_media":0,"parent":0,"menu_order":0,"comment_status":"closed","ping_status":"closed","template":"","meta":[],"_links":{"self":[{"href":"https:\/\/asosabau.de\/index.php?rest_route=\/wp\/v2\/pages\/210"}],"collection":[{"href":"https:\/\/asosabau.de\/index.php?rest_route=\/wp\/v2\/pages"}],"about":[{"href":"https:\/\/asosabau.de\/index.php?rest_route=\/wp\/v2\/types\/page"}],"author":[{"embeddable":true,"href":"https:\/\/asosabau.de\/index.php?rest_route=\/wp\/v2\/users\/1"}],"replies":[{"embeddable":true,"href":"https:\/\/asosabau.de\/index.php?rest_route=%2Fwp%2Fv2%2Fcomments&post=210"}],"version-history":[{"count":11,"href":"https:\/\/asosabau.de\/index.php?rest_route=\/wp\/v2\/pages\/210\/revisions"}],"predecessor-version":[{"id":547,"href":"https:\/\/asosabau.de\/index.php?rest_route=\/wp\/v2\/pages\/210\/revisions\/547"}],"wp:attachment":[{"href":"https:\/\/asosabau.de\/index.php?rest_route=%2Fwp%2Fv2%2Fmedia&parent=210"}],"curies":[{"name":"wp","href":"https:\/\/api.w.org\/{rel}","templated":true}]}}