{"id":212,"date":"2022-03-02T09:39:06","date_gmt":"2022-03-02T09:39:06","guid":{"rendered":"https:\/\/asosa.eurotrendmedia.de\/?page_id=212"},"modified":"2022-05-15T13:37:26","modified_gmt":"2022-05-15T13:37:26","slug":"oberflaechenverguetung","status":"publish","type":"page","link":"https:\/\/asosabau.de\/?page_id=212","title":{"rendered":"Oberfl\u00e4chenverg\u00fctung"},"content":{"rendered":"\n<p>Hartstoffeinstreuungen sind Trockenmischungen (Quarzsand + Zement) und werden auf den frisch eingebauten Beton aufgetragen. Die Vorteile einer fachgerecht ausgef\u00fchrten Hartstoffeinstreuung liegen in der Gew\u00e4hrleistung einer h\u00e4rteren, verschlei\u00dffesteren und somit widerstandsf\u00e4higeren Oberfl\u00e4che des Betons, der dadurch vielseitig und dauerhaft belastbar ist.<\/p>\n\n\n\n<figure class=\"wp-block-gallery has-nested-images columns-default is-cropped\">\n<figure class=\"wp-block-image size-large\"><a href=\"https:\/\/asosabau.de\/wp-content\/uploads\/2022\/03\/IMG_7276-scaled.jpg\"><img loading=\"lazy\" width=\"1024\" height=\"768\" data-id=\"392\"  src=\"https:\/\/asosa.eurotrendmedia.de\/wp-content\/uploads\/2022\/03\/IMG_7276-1024x768.jpg\" alt=\"\" class=\"wp-image-392 img-responsive\" srcset=\"https:\/\/asosabau.de\/wp-content\/uploads\/2022\/03\/IMG_7276-1024x768.jpg 1024w, https:\/\/asosabau.de\/wp-content\/uploads\/2022\/03\/IMG_7276-300x225.jpg 300w, https:\/\/asosabau.de\/wp-content\/uploads\/2022\/03\/IMG_7276-768x576.jpg 768w, https:\/\/asosabau.de\/wp-content\/uploads\/2022\/03\/IMG_7276-1536x1152.jpg 1536w, https:\/\/asosabau.de\/wp-content\/uploads\/2022\/03\/IMG_7276-2048x1536.jpg 2048w\" sizes=\"(max-width: 1024px) 100vw, 1024px\" \/><\/a><\/figure>\n\n\n\n<figure class=\"wp-block-image size-large\"><a href=\"https:\/\/asosabau.de\/wp-content\/uploads\/2022\/03\/IMG_7298-1-scaled.jpg\"><img loading=\"lazy\" width=\"1024\" height=\"768\" data-id=\"395\"  src=\"https:\/\/asosa.eurotrendmedia.de\/wp-content\/uploads\/2022\/03\/IMG_7298-1-1024x768.jpg\" alt=\"\" class=\"wp-image-395 img-responsive\" srcset=\"https:\/\/asosabau.de\/wp-content\/uploads\/2022\/03\/IMG_7298-1-1024x768.jpg 1024w, https:\/\/asosabau.de\/wp-content\/uploads\/2022\/03\/IMG_7298-1-300x225.jpg 300w, https:\/\/asosabau.de\/wp-content\/uploads\/2022\/03\/IMG_7298-1-768x576.jpg 768w, https:\/\/asosabau.de\/wp-content\/uploads\/2022\/03\/IMG_7298-1-1536x1152.jpg 1536w, https:\/\/asosabau.de\/wp-content\/uploads\/2022\/03\/IMG_7298-1-2048x1536.jpg 2048w\" sizes=\"(max-width: 1024px) 100vw, 1024px\" \/><\/a><\/figure>\n\n\n\n<figure class=\"wp-block-image size-large\"><a href=\"https:\/\/asosabau.de\/wp-content\/uploads\/2022\/03\/IMG_7546-scaled.jpg\"><img loading=\"lazy\" width=\"1024\" height=\"768\" data-id=\"396\"  src=\"https:\/\/asosa.eurotrendmedia.de\/wp-content\/uploads\/2022\/03\/IMG_7546-1024x768.jpg\" alt=\"\" class=\"wp-image-396 img-responsive\" srcset=\"https:\/\/asosabau.de\/wp-content\/uploads\/2022\/03\/IMG_7546-1024x768.jpg 1024w, https:\/\/asosabau.de\/wp-content\/uploads\/2022\/03\/IMG_7546-300x225.jpg 300w, https:\/\/asosabau.de\/wp-content\/uploads\/2022\/03\/IMG_7546-768x576.jpg 768w, https:\/\/asosabau.de\/wp-content\/uploads\/2022\/03\/IMG_7546-1536x1152.jpg 1536w, https:\/\/asosabau.de\/wp-content\/uploads\/2022\/03\/IMG_7546-2048x1536.jpg 2048w\" sizes=\"(max-width: 1024px) 100vw, 1024px\" \/><\/a><\/figure>\n\n\n\n<figure class=\"wp-block-image size-large\"><a href=\"https:\/\/asosabau.de\/wp-content\/uploads\/2022\/03\/IMG_8867-scaled.jpg\"><img loading=\"lazy\" width=\"1024\" height=\"768\" data-id=\"394\"  src=\"https:\/\/asosa.eurotrendmedia.de\/wp-content\/uploads\/2022\/03\/IMG_8867-1024x768.jpg\" alt=\"\" class=\"wp-image-394 img-responsive\" srcset=\"https:\/\/asosabau.de\/wp-content\/uploads\/2022\/03\/IMG_8867-1024x768.jpg 1024w, https:\/\/asosabau.de\/wp-content\/uploads\/2022\/03\/IMG_8867-300x225.jpg 300w, https:\/\/asosabau.de\/wp-content\/uploads\/2022\/03\/IMG_8867-768x576.jpg 768w, https:\/\/asosabau.de\/wp-content\/uploads\/2022\/03\/IMG_8867-1536x1152.jpg 1536w, https:\/\/asosabau.de\/wp-content\/uploads\/2022\/03\/IMG_8867-2048x1536.jpg 2048w\" sizes=\"(max-width: 1024px) 100vw, 1024px\" \/><\/a><\/figure>\n\n\n\n<figure class=\"wp-block-image size-large\"><a href=\"https:\/\/asosabau.de\/wp-content\/uploads\/2022\/03\/IMG_8870-1-scaled.jpg\"><img loading=\"lazy\" width=\"1024\" height=\"768\" data-id=\"393\"  src=\"https:\/\/asosa.eurotrendmedia.de\/wp-content\/uploads\/2022\/03\/IMG_8870-1-1024x768.jpg\" alt=\"\" class=\"wp-image-393 img-responsive\" srcset=\"https:\/\/asosabau.de\/wp-content\/uploads\/2022\/03\/IMG_8870-1-1024x768.jpg 1024w, https:\/\/asosabau.de\/wp-content\/uploads\/2022\/03\/IMG_8870-1-300x225.jpg 300w, https:\/\/asosabau.de\/wp-content\/uploads\/2022\/03\/IMG_8870-1-768x576.jpg 768w, https:\/\/asosabau.de\/wp-content\/uploads\/2022\/03\/IMG_8870-1-1536x1152.jpg 1536w, https:\/\/asosabau.de\/wp-content\/uploads\/2022\/03\/IMG_8870-1-2048x1536.jpg 2048w\" sizes=\"(max-width: 1024px) 100vw, 1024px\" \/><\/a><\/figure>\n<\/figure>\n\n\n\n<div class=\"wp-container-69f1f929b0b0c wp-block-group\"><div class=\"wp-block-group__inner-container\">\n<div class=\"wp-block-columns\">\n<div class=\"wp-block-column\">\n<div class=\"wp-container-69f1f929af6ee wp-block-buttons\">\n<div class=\"wp-block-button is-style-outline\"><a class=\"wp-block-button__link\">Zur Pr\u00e4sentation<\/a><\/div>\n<\/div>\n<\/div>\n\n\n\n<div class=\"wp-block-column\">\n<div class=\"wp-container-69f1f929b0174 wp-block-buttons\">\n<div class=\"wp-block-button is-style-outline\"><a class=\"wp-block-button__link\" href=\"#contact\">Angebot anfragen<\/a><\/div>\n<\/div>\n<\/div>\n<\/div>\n<\/div><\/div>\n\n\n\n<p><\/p>\n","protected":false},"excerpt":{"rendered":"<p>Hartstoffeinstreuungen sind Trockenmischungen (Quarzsand + Zement) und werden auf den frisch eingebauten Beton aufgetragen. Die Vorteile einer fachgerecht ausgef\u00fchrten Hartstoffeinstreuung liegen in der Gew\u00e4hrleistung einer h\u00e4rteren, verschlei\u00dffesteren [&hellip;]<\/p>\n","protected":false},"author":1,"featured_media":0,"parent":0,"menu_order":0,"comment_status":"closed","ping_status":"closed","template":"","meta":[],"_links":{"self":[{"href":"https:\/\/asosabau.de\/index.php?rest_route=\/wp\/v2\/pages\/212"}],"collection":[{"href":"https:\/\/asosabau.de\/index.php?rest_route=\/wp\/v2\/pages"}],"about":[{"href":"https:\/\/asosabau.de\/index.php?rest_route=\/wp\/v2\/types\/page"}],"author":[{"embeddable":true,"href":"https:\/\/asosabau.de\/index.php?rest_route=\/wp\/v2\/users\/1"}],"replies":[{"embeddable":true,"href":"https:\/\/asosabau.de\/index.php?rest_route=%2Fwp%2Fv2%2Fcomments&post=212"}],"version-history":[{"count":5,"href":"https:\/\/asosabau.de\/index.php?rest_route=\/wp\/v2\/pages\/212\/revisions"}],"predecessor-version":[{"id":524,"href":"https:\/\/asosabau.de\/index.php?rest_route=\/wp\/v2\/pages\/212\/revisions\/524"}],"wp:attachment":[{"href":"https:\/\/asosabau.de\/index.php?rest_route=%2Fwp%2Fv2%2Fmedia&parent=212"}],"curies":[{"name":"wp","href":"https:\/\/api.w.org\/{rel}","templated":true}]}}