{"id":218,"date":"2022-03-02T09:41:18","date_gmt":"2022-03-02T09:41:18","guid":{"rendered":"https:\/\/asosa.eurotrendmedia.de\/?page_id=218"},"modified":"2023-02-02T08:39:16","modified_gmt":"2023-02-02T08:39:16","slug":"betonnachbehandlung","status":"publish","type":"page","link":"https:\/\/asosabau.de\/?page_id=218","title":{"rendered":"Betonnachbehandlung"},"content":{"rendered":"\n<p>Die Folienabdeckung ist eine effiziente Nachbehandlungsmethode zur Vermeidung von Rissbildungen nach dem Einbauen und Gl\u00e4tten. Sie sch\u00fctzt die Oberfl\u00e4che des Betons vor zu schnellem Austrocknen und Abk\u00fchlen w\u00e4hrend der Aush\u00e4rtungsphase.<br>Des Weiteren kann Curing als Nachbehandlungsmittel eingesetzt werden, das zum Schutz vor Feuchtigkeitsverdunstung von Betonoberfl\u00e4chen -generell bei Au\u00dfenbetonfl\u00e4chen- eingesetzt wird.<\/p>\n\n\n\n<figure class=\"wp-block-gallery has-nested-images columns-default is-cropped\">\n<figure class=\"wp-block-image size-large\"><a href=\"https:\/\/asosabau.de\/wp-content\/uploads\/2022\/03\/ilhan-266-scaled.jpg\"><img loading=\"lazy\" width=\"1024\" height=\"768\" data-id=\"401\"  src=\"https:\/\/asosa.eurotrendmedia.de\/wp-content\/uploads\/2022\/03\/ilhan-266-1024x768.jpg\" alt=\"\" class=\"wp-image-401 img-responsive\" srcset=\"https:\/\/asosabau.de\/wp-content\/uploads\/2022\/03\/ilhan-266-1024x768.jpg 1024w, https:\/\/asosabau.de\/wp-content\/uploads\/2022\/03\/ilhan-266-300x225.jpg 300w, https:\/\/asosabau.de\/wp-content\/uploads\/2022\/03\/ilhan-266-768x576.jpg 768w, https:\/\/asosabau.de\/wp-content\/uploads\/2022\/03\/ilhan-266-1536x1152.jpg 1536w, https:\/\/asosabau.de\/wp-content\/uploads\/2022\/03\/ilhan-266-2048x1536.jpg 2048w\" sizes=\"(max-width: 1024px) 100vw, 1024px\" \/><\/a><\/figure>\n\n\n\n<figure class=\"wp-block-image size-large\"><a href=\"https:\/\/asosabau.de\/wp-content\/uploads\/2022\/03\/IMG_6191-scaled.jpg\"><img loading=\"lazy\" width=\"1024\" height=\"768\" data-id=\"404\"  src=\"https:\/\/asosa.eurotrendmedia.de\/wp-content\/uploads\/2022\/03\/IMG_6191-1024x768.jpg\" alt=\"\" class=\"wp-image-404 img-responsive\" srcset=\"https:\/\/asosabau.de\/wp-content\/uploads\/2022\/03\/IMG_6191-1024x768.jpg 1024w, https:\/\/asosabau.de\/wp-content\/uploads\/2022\/03\/IMG_6191-300x225.jpg 300w, https:\/\/asosabau.de\/wp-content\/uploads\/2022\/03\/IMG_6191-768x576.jpg 768w, https:\/\/asosabau.de\/wp-content\/uploads\/2022\/03\/IMG_6191-1536x1152.jpg 1536w, https:\/\/asosabau.de\/wp-content\/uploads\/2022\/03\/IMG_6191-2048x1536.jpg 2048w\" sizes=\"(max-width: 1024px) 100vw, 1024px\" \/><\/a><\/figure>\n\n\n\n<figure class=\"wp-block-image size-large\"><a href=\"https:\/\/asosabau.de\/wp-content\/uploads\/2022\/03\/IMG_7548-scaled.jpg\"><img loading=\"lazy\" width=\"1024\" height=\"768\" data-id=\"402\"  src=\"https:\/\/asosa.eurotrendmedia.de\/wp-content\/uploads\/2022\/03\/IMG_7548-1024x768.jpg\" alt=\"\" class=\"wp-image-402 img-responsive\" srcset=\"https:\/\/asosabau.de\/wp-content\/uploads\/2022\/03\/IMG_7548-1024x768.jpg 1024w, https:\/\/asosabau.de\/wp-content\/uploads\/2022\/03\/IMG_7548-300x225.jpg 300w, https:\/\/asosabau.de\/wp-content\/uploads\/2022\/03\/IMG_7548-768x576.jpg 768w, https:\/\/asosabau.de\/wp-content\/uploads\/2022\/03\/IMG_7548-1536x1152.jpg 1536w, https:\/\/asosabau.de\/wp-content\/uploads\/2022\/03\/IMG_7548-2048x1536.jpg 2048w\" sizes=\"(max-width: 1024px) 100vw, 1024px\" \/><\/a><\/figure>\n\n\n\n<figure class=\"wp-block-image size-large\"><a href=\"https:\/\/asosabau.de\/wp-content\/uploads\/2022\/03\/IMG_7584-1-scaled.jpg\"><img loading=\"lazy\" width=\"1024\" height=\"768\" data-id=\"403\"  src=\"https:\/\/asosa.eurotrendmedia.de\/wp-content\/uploads\/2022\/03\/IMG_7584-1-1024x768.jpg\" alt=\"\" class=\"wp-image-403 img-responsive\" srcset=\"https:\/\/asosabau.de\/wp-content\/uploads\/2022\/03\/IMG_7584-1-1024x768.jpg 1024w, https:\/\/asosabau.de\/wp-content\/uploads\/2022\/03\/IMG_7584-1-300x225.jpg 300w, https:\/\/asosabau.de\/wp-content\/uploads\/2022\/03\/IMG_7584-1-768x576.jpg 768w, https:\/\/asosabau.de\/wp-content\/uploads\/2022\/03\/IMG_7584-1-1536x1152.jpg 1536w, https:\/\/asosabau.de\/wp-content\/uploads\/2022\/03\/IMG_7584-1-2048x1536.jpg 2048w\" sizes=\"(max-width: 1024px) 100vw, 1024px\" \/><\/a><\/figure>\n\n\n\n<figure class=\"wp-block-image size-large\"><a href=\"https:\/\/asosabau.de\/wp-content\/uploads\/2022\/03\/index.jpg\"><img loading=\"lazy\" width=\"1024\" height=\"768\" data-id=\"400\"  src=\"https:\/\/asosa.eurotrendmedia.de\/wp-content\/uploads\/2022\/03\/index.jpg\" alt=\"\" class=\"wp-image-400 img-responsive\" srcset=\"https:\/\/asosabau.de\/wp-content\/uploads\/2022\/03\/index.jpg 1024w, https:\/\/asosabau.de\/wp-content\/uploads\/2022\/03\/index-300x225.jpg 300w, https:\/\/asosabau.de\/wp-content\/uploads\/2022\/03\/index-768x576.jpg 768w\" sizes=\"(max-width: 1024px) 100vw, 1024px\" \/><\/a><\/figure>\n\n\n\n<figure class=\"wp-block-image size-large\"><img loading=\"lazy\" width=\"1024\" height=\"768\" data-id=\"548\"  src=\"https:\/\/asosabau.de\/wp-content\/uploads\/2023\/02\/IMG_2276-1024x768.jpg\" alt=\"\" class=\"wp-image-548 img-responsive\" srcset=\"https:\/\/asosabau.de\/wp-content\/uploads\/2023\/02\/IMG_2276-1024x768.jpg 1024w, https:\/\/asosabau.de\/wp-content\/uploads\/2023\/02\/IMG_2276-300x225.jpg 300w, https:\/\/asosabau.de\/wp-content\/uploads\/2023\/02\/IMG_2276-768x576.jpg 768w, https:\/\/asosabau.de\/wp-content\/uploads\/2023\/02\/IMG_2276-1536x1152.jpg 1536w, https:\/\/asosabau.de\/wp-content\/uploads\/2023\/02\/IMG_2276-2048x1536.jpg 2048w\" sizes=\"(max-width: 1024px) 100vw, 1024px\" \/><\/figure>\n\n\n\n<figure class=\"wp-block-image size-large\"><img loading=\"lazy\" width=\"1024\" height=\"768\" data-id=\"551\"  src=\"https:\/\/asosabau.de\/wp-content\/uploads\/2023\/02\/IMG_2367-1024x768.jpg\" alt=\"\" class=\"wp-image-551 img-responsive\" srcset=\"https:\/\/asosabau.de\/wp-content\/uploads\/2023\/02\/IMG_2367-1024x768.jpg 1024w, https:\/\/asosabau.de\/wp-content\/uploads\/2023\/02\/IMG_2367-300x225.jpg 300w, https:\/\/asosabau.de\/wp-content\/uploads\/2023\/02\/IMG_2367-768x576.jpg 768w, https:\/\/asosabau.de\/wp-content\/uploads\/2023\/02\/IMG_2367-1536x1152.jpg 1536w, https:\/\/asosabau.de\/wp-content\/uploads\/2023\/02\/IMG_2367-2048x1536.jpg 2048w\" sizes=\"(max-width: 1024px) 100vw, 1024px\" \/><\/figure>\n\n\n\n<figure class=\"wp-block-image size-large\"><img loading=\"lazy\" width=\"1024\" height=\"768\" data-id=\"550\"  src=\"https:\/\/asosabau.de\/wp-content\/uploads\/2023\/02\/IMG_2369-1024x768.jpg\" alt=\"\" class=\"wp-image-550 img-responsive\" srcset=\"https:\/\/asosabau.de\/wp-content\/uploads\/2023\/02\/IMG_2369-1024x768.jpg 1024w, https:\/\/asosabau.de\/wp-content\/uploads\/2023\/02\/IMG_2369-300x225.jpg 300w, https:\/\/asosabau.de\/wp-content\/uploads\/2023\/02\/IMG_2369-768x576.jpg 768w, https:\/\/asosabau.de\/wp-content\/uploads\/2023\/02\/IMG_2369-1536x1152.jpg 1536w, https:\/\/asosabau.de\/wp-content\/uploads\/2023\/02\/IMG_2369-2048x1536.jpg 2048w\" sizes=\"(max-width: 1024px) 100vw, 1024px\" \/><\/figure>\n\n\n\n<figure class=\"wp-block-image size-large\"><img loading=\"lazy\" width=\"1024\" height=\"768\" data-id=\"549\"  src=\"https:\/\/asosabau.de\/wp-content\/uploads\/2023\/02\/IMG_2629-1024x768.jpg\" alt=\"\" class=\"wp-image-549 img-responsive\" srcset=\"https:\/\/asosabau.de\/wp-content\/uploads\/2023\/02\/IMG_2629-1024x768.jpg 1024w, https:\/\/asosabau.de\/wp-content\/uploads\/2023\/02\/IMG_2629-300x225.jpg 300w, https:\/\/asosabau.de\/wp-content\/uploads\/2023\/02\/IMG_2629-768x576.jpg 768w, https:\/\/asosabau.de\/wp-content\/uploads\/2023\/02\/IMG_2629-1536x1152.jpg 1536w, https:\/\/asosabau.de\/wp-content\/uploads\/2023\/02\/IMG_2629-2048x1536.jpg 2048w\" sizes=\"(max-width: 1024px) 100vw, 1024px\" \/><\/figure>\n<\/figure>\n\n\n\n<div class=\"wp-container-69f1fa0842914 wp-block-group\"><div class=\"wp-block-group__inner-container\">\n<div class=\"wp-block-columns\">\n<div class=\"wp-block-column\">\n<div class=\"wp-container-69f1fa0841552 wp-block-buttons\">\n<div class=\"wp-block-button is-style-outline\"><a class=\"wp-block-button__link\" href=\"\/#projects-grid\">Zur Pr\u00e4sentation<\/a><\/div>\n<\/div>\n<\/div>\n\n\n\n<div class=\"wp-block-column\">\n<div class=\"wp-container-69f1fa0841fcc wp-block-buttons\">\n<div class=\"wp-block-button is-style-outline\"><a class=\"wp-block-button__link\" href=\"\/#contact\">Angebot anfragen<\/a><\/div>\n<\/div>\n<\/div>\n<\/div>\n<\/div><\/div>\n\n\n\n<p><\/p>\n","protected":false},"excerpt":{"rendered":"<p>Die Folienabdeckung ist eine effiziente Nachbehandlungsmethode zur Vermeidung von Rissbildungen nach dem Einbauen und Gl\u00e4tten. Sie sch\u00fctzt die Oberfl\u00e4che des Betons vor zu schnellem Austrocknen und Abk\u00fchlen [&hellip;]<\/p>\n","protected":false},"author":1,"featured_media":0,"parent":0,"menu_order":0,"comment_status":"closed","ping_status":"closed","template":"","meta":[],"_links":{"self":[{"href":"https:\/\/asosabau.de\/index.php?rest_route=\/wp\/v2\/pages\/218"}],"collection":[{"href":"https:\/\/asosabau.de\/index.php?rest_route=\/wp\/v2\/pages"}],"about":[{"href":"https:\/\/asosabau.de\/index.php?rest_route=\/wp\/v2\/types\/page"}],"author":[{"embeddable":true,"href":"https:\/\/asosabau.de\/index.php?rest_route=\/wp\/v2\/users\/1"}],"replies":[{"embeddable":true,"href":"https:\/\/asosabau.de\/index.php?rest_route=%2Fwp%2Fv2%2Fcomments&post=218"}],"version-history":[{"count":6,"href":"https:\/\/asosabau.de\/index.php?rest_route=\/wp\/v2\/pages\/218\/revisions"}],"predecessor-version":[{"id":553,"href":"https:\/\/asosabau.de\/index.php?rest_route=\/wp\/v2\/pages\/218\/revisions\/553"}],"wp:attachment":[{"href":"https:\/\/asosabau.de\/index.php?rest_route=%2Fwp%2Fv2%2Fmedia&parent=218"}],"curies":[{"name":"wp","href":"https:\/\/api.w.org\/{rel}","templated":true}]}}