{"id":220,"date":"2022-03-02T09:42:02","date_gmt":"2022-03-02T09:42:02","guid":{"rendered":"https:\/\/asosa.eurotrendmedia.de\/?page_id=220"},"modified":"2023-02-02T08:41:14","modified_gmt":"2023-02-02T08:41:14","slug":"schall-und-bewehrungsarbeiten","status":"publish","type":"page","link":"https:\/\/asosabau.de\/?page_id=220","title":{"rendered":"Schal- und Bewehrungsarbeiten"},"content":{"rendered":"\n<p>Die Schalungsarbeiten sind beim Betonbau in Verbindung mit Stahlbetonarbeiten zu betrachten.<br>Schalung ist im Regelfall die vorl\u00e4ufige, \u00e4u\u00dfere \u201eH\u00fcllfl\u00e4che\u201c, in der der Frischbeton eingebracht werden. Nach Einschalen, Bewehren und Betonieren wird \u00fcblicherweise das Ausschalen durchgef\u00fchrt, sofern keine \u201everlorene Schalung\u201c eingesetzt wird.<\/p>\n\n\n\n<figure class=\"wp-block-gallery has-nested-images columns-default is-cropped\">\n<figure class=\"wp-block-image size-large\"><a href=\"https:\/\/asosabau.de\/wp-content\/uploads\/2022\/03\/IMG_2964-1-scaled.jpg\"><img loading=\"lazy\" width=\"1024\" height=\"768\" data-id=\"412\"  src=\"https:\/\/asosa.eurotrendmedia.de\/wp-content\/uploads\/2022\/03\/IMG_2964-1-1024x768.jpg\" alt=\"\" class=\"wp-image-412 img-responsive\" srcset=\"https:\/\/asosabau.de\/wp-content\/uploads\/2022\/03\/IMG_2964-1-1024x768.jpg 1024w, https:\/\/asosabau.de\/wp-content\/uploads\/2022\/03\/IMG_2964-1-300x225.jpg 300w, https:\/\/asosabau.de\/wp-content\/uploads\/2022\/03\/IMG_2964-1-768x576.jpg 768w, https:\/\/asosabau.de\/wp-content\/uploads\/2022\/03\/IMG_2964-1-1536x1152.jpg 1536w, https:\/\/asosabau.de\/wp-content\/uploads\/2022\/03\/IMG_2964-1-2048x1536.jpg 2048w\" sizes=\"(max-width: 1024px) 100vw, 1024px\" \/><\/a><\/figure>\n\n\n\n<figure class=\"wp-block-image size-large\"><a href=\"https:\/\/asosabau.de\/wp-content\/uploads\/2022\/03\/IMG_4386-scaled.jpg\"><img loading=\"lazy\" width=\"1024\" height=\"768\" data-id=\"411\"  src=\"https:\/\/asosa.eurotrendmedia.de\/wp-content\/uploads\/2022\/03\/IMG_4386-1024x768.jpg\" alt=\"\" class=\"wp-image-411 img-responsive\" srcset=\"https:\/\/asosabau.de\/wp-content\/uploads\/2022\/03\/IMG_4386-1024x768.jpg 1024w, https:\/\/asosabau.de\/wp-content\/uploads\/2022\/03\/IMG_4386-300x225.jpg 300w, https:\/\/asosabau.de\/wp-content\/uploads\/2022\/03\/IMG_4386-768x576.jpg 768w, https:\/\/asosabau.de\/wp-content\/uploads\/2022\/03\/IMG_4386-1536x1152.jpg 1536w, https:\/\/asosabau.de\/wp-content\/uploads\/2022\/03\/IMG_4386-2048x1536.jpg 2048w\" sizes=\"(max-width: 1024px) 100vw, 1024px\" \/><\/a><\/figure>\n\n\n\n<figure class=\"wp-block-image size-large\"><a href=\"https:\/\/asosabau.de\/wp-content\/uploads\/2022\/03\/IMG_8126-scaled.jpg\"><img loading=\"lazy\" width=\"1024\" height=\"768\" data-id=\"410\"  src=\"https:\/\/asosa.eurotrendmedia.de\/wp-content\/uploads\/2022\/03\/IMG_8126-1024x768.jpg\" alt=\"\" class=\"wp-image-410 img-responsive\" srcset=\"https:\/\/asosabau.de\/wp-content\/uploads\/2022\/03\/IMG_8126-1024x768.jpg 1024w, https:\/\/asosabau.de\/wp-content\/uploads\/2022\/03\/IMG_8126-300x225.jpg 300w, https:\/\/asosabau.de\/wp-content\/uploads\/2022\/03\/IMG_8126-768x576.jpg 768w, https:\/\/asosabau.de\/wp-content\/uploads\/2022\/03\/IMG_8126-1536x1152.jpg 1536w, https:\/\/asosabau.de\/wp-content\/uploads\/2022\/03\/IMG_8126-2048x1536.jpg 2048w\" sizes=\"(max-width: 1024px) 100vw, 1024px\" \/><\/a><\/figure>\n\n\n\n<figure class=\"wp-block-image size-large\"><a href=\"https:\/\/asosabau.de\/wp-content\/uploads\/2022\/03\/IMG_8714-scaled.jpg\"><img loading=\"lazy\" width=\"1024\" height=\"768\" data-id=\"408\"  src=\"https:\/\/asosa.eurotrendmedia.de\/wp-content\/uploads\/2022\/03\/IMG_8714-1024x768.jpg\" alt=\"\" class=\"wp-image-408 img-responsive\" srcset=\"https:\/\/asosabau.de\/wp-content\/uploads\/2022\/03\/IMG_8714-1024x768.jpg 1024w, https:\/\/asosabau.de\/wp-content\/uploads\/2022\/03\/IMG_8714-300x225.jpg 300w, https:\/\/asosabau.de\/wp-content\/uploads\/2022\/03\/IMG_8714-768x576.jpg 768w, https:\/\/asosabau.de\/wp-content\/uploads\/2022\/03\/IMG_8714-1536x1152.jpg 1536w, https:\/\/asosabau.de\/wp-content\/uploads\/2022\/03\/IMG_8714-2048x1536.jpg 2048w\" sizes=\"(max-width: 1024px) 100vw, 1024px\" \/><\/a><\/figure>\n\n\n\n<figure class=\"wp-block-image size-large\"><a href=\"https:\/\/asosabau.de\/wp-content\/uploads\/2022\/03\/IMG_8718-1-scaled.jpg\"><img loading=\"lazy\" width=\"1024\" height=\"768\" data-id=\"409\"  src=\"https:\/\/asosa.eurotrendmedia.de\/wp-content\/uploads\/2022\/03\/IMG_8718-1-1024x768.jpg\" alt=\"\" class=\"wp-image-409 img-responsive\" srcset=\"https:\/\/asosabau.de\/wp-content\/uploads\/2022\/03\/IMG_8718-1-1024x768.jpg 1024w, https:\/\/asosabau.de\/wp-content\/uploads\/2022\/03\/IMG_8718-1-300x225.jpg 300w, https:\/\/asosabau.de\/wp-content\/uploads\/2022\/03\/IMG_8718-1-768x576.jpg 768w, https:\/\/asosabau.de\/wp-content\/uploads\/2022\/03\/IMG_8718-1-1536x1152.jpg 1536w, https:\/\/asosabau.de\/wp-content\/uploads\/2022\/03\/IMG_8718-1-2048x1536.jpg 2048w\" sizes=\"(max-width: 1024px) 100vw, 1024px\" \/><\/a><\/figure>\n\n\n\n<figure class=\"wp-block-image size-large\"><img loading=\"lazy\" width=\"1024\" height=\"768\" data-id=\"554\"  src=\"https:\/\/asosabau.de\/wp-content\/uploads\/2023\/02\/IMG_1546-1024x768.jpg\" alt=\"\" class=\"wp-image-554 img-responsive\" srcset=\"https:\/\/asosabau.de\/wp-content\/uploads\/2023\/02\/IMG_1546-1024x768.jpg 1024w, https:\/\/asosabau.de\/wp-content\/uploads\/2023\/02\/IMG_1546-300x225.jpg 300w, https:\/\/asosabau.de\/wp-content\/uploads\/2023\/02\/IMG_1546-768x576.jpg 768w, https:\/\/asosabau.de\/wp-content\/uploads\/2023\/02\/IMG_1546-1536x1152.jpg 1536w, https:\/\/asosabau.de\/wp-content\/uploads\/2023\/02\/IMG_1546-2048x1536.jpg 2048w\" sizes=\"(max-width: 1024px) 100vw, 1024px\" \/><\/figure>\n\n\n\n<figure class=\"wp-block-image size-large\"><img loading=\"lazy\" width=\"1024\" height=\"768\" data-id=\"555\"  src=\"https:\/\/asosabau.de\/wp-content\/uploads\/2023\/02\/IMG_1600-1024x768.jpg\" alt=\"\" class=\"wp-image-555 img-responsive\" srcset=\"https:\/\/asosabau.de\/wp-content\/uploads\/2023\/02\/IMG_1600-1024x768.jpg 1024w, https:\/\/asosabau.de\/wp-content\/uploads\/2023\/02\/IMG_1600-300x225.jpg 300w, https:\/\/asosabau.de\/wp-content\/uploads\/2023\/02\/IMG_1600-768x576.jpg 768w, https:\/\/asosabau.de\/wp-content\/uploads\/2023\/02\/IMG_1600-1536x1152.jpg 1536w, https:\/\/asosabau.de\/wp-content\/uploads\/2023\/02\/IMG_1600-2048x1536.jpg 2048w\" sizes=\"(max-width: 1024px) 100vw, 1024px\" \/><\/figure>\n\n\n\n<figure class=\"wp-block-image size-large\"><img loading=\"lazy\" width=\"1024\" height=\"768\" data-id=\"556\"  src=\"https:\/\/asosabau.de\/wp-content\/uploads\/2023\/02\/IMG_1603-1024x768.jpg\" alt=\"\" class=\"wp-image-556 img-responsive\" srcset=\"https:\/\/asosabau.de\/wp-content\/uploads\/2023\/02\/IMG_1603-1024x768.jpg 1024w, https:\/\/asosabau.de\/wp-content\/uploads\/2023\/02\/IMG_1603-300x225.jpg 300w, https:\/\/asosabau.de\/wp-content\/uploads\/2023\/02\/IMG_1603-768x576.jpg 768w, https:\/\/asosabau.de\/wp-content\/uploads\/2023\/02\/IMG_1603-1536x1152.jpg 1536w, https:\/\/asosabau.de\/wp-content\/uploads\/2023\/02\/IMG_1603-2048x1536.jpg 2048w\" sizes=\"(max-width: 1024px) 100vw, 1024px\" \/><\/figure>\n<\/figure>\n\n\n\n<div class=\"wp-container-69f1f9931bb16 wp-block-group\"><div class=\"wp-block-group__inner-container\">\n<div class=\"wp-block-columns\">\n<div class=\"wp-block-column\">\n<div class=\"wp-container-69f1f9931a713 wp-block-buttons\">\n<div class=\"wp-block-button is-style-outline\"><a class=\"wp-block-button__link\" href=\"\/#projects-grid\">Zur Pr\u00e4sentation<\/a><\/div>\n<\/div>\n<\/div>\n\n\n\n<div class=\"wp-block-column\">\n<div class=\"wp-container-69f1f9931b156 wp-block-buttons\">\n<div class=\"wp-block-button is-style-outline\"><a class=\"wp-block-button__link\" href=\"\/#contact\">Angebot anfragen<\/a><\/div>\n<\/div>\n<\/div>\n<\/div>\n<\/div><\/div>\n\n\n\n<p><\/p>\n","protected":false},"excerpt":{"rendered":"<p>Die Schalungsarbeiten sind beim Betonbau in Verbindung mit Stahlbetonarbeiten zu betrachten.Schalung ist im Regelfall die vorl\u00e4ufige, \u00e4u\u00dfere \u201eH\u00fcllfl\u00e4che\u201c, in der der Frischbeton eingebracht werden. Nach Einschalen, Bewehren [&hellip;]<\/p>\n","protected":false},"author":1,"featured_media":0,"parent":0,"menu_order":0,"comment_status":"closed","ping_status":"closed","template":"","meta":[],"_links":{"self":[{"href":"https:\/\/asosabau.de\/index.php?rest_route=\/wp\/v2\/pages\/220"}],"collection":[{"href":"https:\/\/asosabau.de\/index.php?rest_route=\/wp\/v2\/pages"}],"about":[{"href":"https:\/\/asosabau.de\/index.php?rest_route=\/wp\/v2\/types\/page"}],"author":[{"embeddable":true,"href":"https:\/\/asosabau.de\/index.php?rest_route=\/wp\/v2\/users\/1"}],"replies":[{"embeddable":true,"href":"https:\/\/asosabau.de\/index.php?rest_route=%2Fwp%2Fv2%2Fcomments&post=220"}],"version-history":[{"count":6,"href":"https:\/\/asosabau.de\/index.php?rest_route=\/wp\/v2\/pages\/220\/revisions"}],"predecessor-version":[{"id":558,"href":"https:\/\/asosabau.de\/index.php?rest_route=\/wp\/v2\/pages\/220\/revisions\/558"}],"wp:attachment":[{"href":"https:\/\/asosabau.de\/index.php?rest_route=%2Fwp%2Fv2%2Fmedia&parent=220"}],"curies":[{"name":"wp","href":"https:\/\/api.w.org\/{rel}","templated":true}]}}