{"id":222,"date":"2022-03-02T09:43:20","date_gmt":"2022-03-02T09:43:20","guid":{"rendered":"https:\/\/asosa.eurotrendmedia.de\/?page_id=222"},"modified":"2023-02-02T08:49:58","modified_gmt":"2023-02-02T08:49:58","slug":"fugenprofile-und-fugenarbeiten","status":"publish","type":"page","link":"https:\/\/asosabau.de\/?page_id=222","title":{"rendered":"Fugenprofile und Fugenarbeiten"},"content":{"rendered":"\n<p>Um eine nachhaltige Sicherung der Fugen in Betonbodenplatten zu gew\u00e4hrleisten, ist der Einsatz von Fugenprofilen daher zwingend erforderlich. Insbesondere bei Transportfahrzeugen mit h\u00f6herem Reifendruck sowie einer gro\u00dfen Anzahl von Fugen\u00fcberfahrten werden die ungesch\u00fctzten Fugen entsprechend besch\u00e4digt.<\/p>\n\n\n\n<figure class=\"wp-block-gallery has-nested-images columns-default is-cropped\">\n<figure class=\"wp-block-image size-large\"><a href=\"https:\/\/asosabau.de\/wp-content\/uploads\/2022\/03\/IMG_4623.jpg\"><img loading=\"lazy\" width=\"1024\" height=\"768\" data-id=\"415\"  src=\"https:\/\/asosa.eurotrendmedia.de\/wp-content\/uploads\/2022\/03\/IMG_4623-1024x768.jpg\" alt=\"\" class=\"wp-image-415 img-responsive\" srcset=\"https:\/\/asosabau.de\/wp-content\/uploads\/2022\/03\/IMG_4623-1024x768.jpg 1024w, https:\/\/asosabau.de\/wp-content\/uploads\/2022\/03\/IMG_4623-300x225.jpg 300w, https:\/\/asosabau.de\/wp-content\/uploads\/2022\/03\/IMG_4623-768x576.jpg 768w, https:\/\/asosabau.de\/wp-content\/uploads\/2022\/03\/IMG_4623.jpg 1280w\" sizes=\"(max-width: 1024px) 100vw, 1024px\" \/><\/a><\/figure>\n\n\n\n<figure class=\"wp-block-image size-large\"><a href=\"https:\/\/asosabau.de\/wp-content\/uploads\/2022\/03\/IMG_6951-scaled.jpg\"><img loading=\"lazy\" width=\"1024\" height=\"768\" data-id=\"420\"  src=\"https:\/\/asosa.eurotrendmedia.de\/wp-content\/uploads\/2022\/03\/IMG_6951-1024x768.jpg\" alt=\"\" class=\"wp-image-420 img-responsive\" srcset=\"https:\/\/asosabau.de\/wp-content\/uploads\/2022\/03\/IMG_6951-1024x768.jpg 1024w, https:\/\/asosabau.de\/wp-content\/uploads\/2022\/03\/IMG_6951-300x225.jpg 300w, https:\/\/asosabau.de\/wp-content\/uploads\/2022\/03\/IMG_6951-768x576.jpg 768w, https:\/\/asosabau.de\/wp-content\/uploads\/2022\/03\/IMG_6951-1536x1152.jpg 1536w, https:\/\/asosabau.de\/wp-content\/uploads\/2022\/03\/IMG_6951-2048x1536.jpg 2048w\" sizes=\"(max-width: 1024px) 100vw, 1024px\" \/><\/a><\/figure>\n\n\n\n<figure class=\"wp-block-image size-large\"><a href=\"https:\/\/asosabau.de\/wp-content\/uploads\/2022\/03\/IMG_7237-scaled.jpg\"><img loading=\"lazy\" width=\"1024\" height=\"768\" data-id=\"417\"  src=\"https:\/\/asosa.eurotrendmedia.de\/wp-content\/uploads\/2022\/03\/IMG_7237-1024x768.jpg\" alt=\"\" class=\"wp-image-417 img-responsive\" srcset=\"https:\/\/asosabau.de\/wp-content\/uploads\/2022\/03\/IMG_7237-1024x768.jpg 1024w, https:\/\/asosabau.de\/wp-content\/uploads\/2022\/03\/IMG_7237-300x225.jpg 300w, https:\/\/asosabau.de\/wp-content\/uploads\/2022\/03\/IMG_7237-768x576.jpg 768w, https:\/\/asosabau.de\/wp-content\/uploads\/2022\/03\/IMG_7237-1536x1152.jpg 1536w, https:\/\/asosabau.de\/wp-content\/uploads\/2022\/03\/IMG_7237-2048x1536.jpg 2048w\" sizes=\"(max-width: 1024px) 100vw, 1024px\" \/><\/a><\/figure>\n\n\n\n<figure class=\"wp-block-image size-large\"><a href=\"https:\/\/asosabau.de\/wp-content\/uploads\/2022\/03\/IMG_8752-scaled.jpg\"><img loading=\"lazy\" width=\"1024\" height=\"768\" data-id=\"419\"  src=\"https:\/\/asosa.eurotrendmedia.de\/wp-content\/uploads\/2022\/03\/IMG_8752-1024x768.jpg\" alt=\"\" class=\"wp-image-419 img-responsive\" srcset=\"https:\/\/asosabau.de\/wp-content\/uploads\/2022\/03\/IMG_8752-1024x768.jpg 1024w, https:\/\/asosabau.de\/wp-content\/uploads\/2022\/03\/IMG_8752-300x225.jpg 300w, https:\/\/asosabau.de\/wp-content\/uploads\/2022\/03\/IMG_8752-768x576.jpg 768w, https:\/\/asosabau.de\/wp-content\/uploads\/2022\/03\/IMG_8752-1536x1152.jpg 1536w, https:\/\/asosabau.de\/wp-content\/uploads\/2022\/03\/IMG_8752-2048x1536.jpg 2048w\" sizes=\"(max-width: 1024px) 100vw, 1024px\" \/><\/a><\/figure>\n\n\n\n<figure class=\"wp-block-image size-large\"><a href=\"https:\/\/asosabau.de\/wp-content\/uploads\/2022\/03\/IMG_8763-scaled.jpg\"><img loading=\"lazy\" width=\"1024\" height=\"768\" data-id=\"418\"  src=\"https:\/\/asosa.eurotrendmedia.de\/wp-content\/uploads\/2022\/03\/IMG_8763-1024x768.jpg\" alt=\"\" class=\"wp-image-418 img-responsive\" srcset=\"https:\/\/asosabau.de\/wp-content\/uploads\/2022\/03\/IMG_8763-1024x768.jpg 1024w, https:\/\/asosabau.de\/wp-content\/uploads\/2022\/03\/IMG_8763-300x225.jpg 300w, https:\/\/asosabau.de\/wp-content\/uploads\/2022\/03\/IMG_8763-768x576.jpg 768w, https:\/\/asosabau.de\/wp-content\/uploads\/2022\/03\/IMG_8763-1536x1152.jpg 1536w, https:\/\/asosabau.de\/wp-content\/uploads\/2022\/03\/IMG_8763-2048x1536.jpg 2048w\" sizes=\"(max-width: 1024px) 100vw, 1024px\" \/><\/a><\/figure>\n\n\n\n<figure class=\"wp-block-image size-large\"><img loading=\"lazy\" width=\"768\" height=\"1024\" data-id=\"563\"  src=\"https:\/\/asosabau.de\/wp-content\/uploads\/2023\/02\/IMG_1761-768x1024.jpg\" alt=\"\" class=\"wp-image-563 img-responsive\" srcset=\"https:\/\/asosabau.de\/wp-content\/uploads\/2023\/02\/IMG_1761-768x1024.jpg 768w, https:\/\/asosabau.de\/wp-content\/uploads\/2023\/02\/IMG_1761-225x300.jpg 225w, https:\/\/asosabau.de\/wp-content\/uploads\/2023\/02\/IMG_1761-1152x1536.jpg 1152w, https:\/\/asosabau.de\/wp-content\/uploads\/2023\/02\/IMG_1761-1536x2048.jpg 1536w, https:\/\/asosabau.de\/wp-content\/uploads\/2023\/02\/IMG_1761-scaled.jpg 1920w\" sizes=\"(max-width: 768px) 100vw, 768px\" \/><\/figure>\n\n\n\n<figure class=\"wp-block-image size-large\"><img loading=\"lazy\" width=\"1024\" height=\"768\" data-id=\"564\"  src=\"https:\/\/asosabau.de\/wp-content\/uploads\/2023\/02\/IMG_1784-1024x768.jpg\" alt=\"\" class=\"wp-image-564 img-responsive\" srcset=\"https:\/\/asosabau.de\/wp-content\/uploads\/2023\/02\/IMG_1784-1024x768.jpg 1024w, https:\/\/asosabau.de\/wp-content\/uploads\/2023\/02\/IMG_1784-300x225.jpg 300w, https:\/\/asosabau.de\/wp-content\/uploads\/2023\/02\/IMG_1784-768x576.jpg 768w, https:\/\/asosabau.de\/wp-content\/uploads\/2023\/02\/IMG_1784-1536x1152.jpg 1536w, https:\/\/asosabau.de\/wp-content\/uploads\/2023\/02\/IMG_1784-2048x1536.jpg 2048w\" sizes=\"(max-width: 1024px) 100vw, 1024px\" \/><\/figure>\n\n\n\n<figure class=\"wp-block-image size-large\"><img loading=\"lazy\" width=\"768\" height=\"1024\" data-id=\"559\"  src=\"https:\/\/asosabau.de\/wp-content\/uploads\/2023\/02\/IMG_1810-768x1024.jpg\" alt=\"\" class=\"wp-image-559 img-responsive\" srcset=\"https:\/\/asosabau.de\/wp-content\/uploads\/2023\/02\/IMG_1810-768x1024.jpg 768w, https:\/\/asosabau.de\/wp-content\/uploads\/2023\/02\/IMG_1810-225x300.jpg 225w, https:\/\/asosabau.de\/wp-content\/uploads\/2023\/02\/IMG_1810-1152x1536.jpg 1152w, https:\/\/asosabau.de\/wp-content\/uploads\/2023\/02\/IMG_1810-1536x2048.jpg 1536w, https:\/\/asosabau.de\/wp-content\/uploads\/2023\/02\/IMG_1810-scaled.jpg 1920w\" sizes=\"(max-width: 768px) 100vw, 768px\" \/><\/figure>\n\n\n\n<figure class=\"wp-block-image size-large\"><img loading=\"lazy\" width=\"1024\" height=\"768\" data-id=\"561\"  src=\"https:\/\/asosabau.de\/wp-content\/uploads\/2023\/02\/IMG_1851-1024x768.jpg\" alt=\"\" class=\"wp-image-561 img-responsive\" srcset=\"https:\/\/asosabau.de\/wp-content\/uploads\/2023\/02\/IMG_1851-1024x768.jpg 1024w, https:\/\/asosabau.de\/wp-content\/uploads\/2023\/02\/IMG_1851-300x225.jpg 300w, https:\/\/asosabau.de\/wp-content\/uploads\/2023\/02\/IMG_1851-768x576.jpg 768w, https:\/\/asosabau.de\/wp-content\/uploads\/2023\/02\/IMG_1851-1536x1152.jpg 1536w, https:\/\/asosabau.de\/wp-content\/uploads\/2023\/02\/IMG_1851-2048x1536.jpg 2048w\" sizes=\"(max-width: 1024px) 100vw, 1024px\" \/><\/figure>\n\n\n\n<figure class=\"wp-block-image size-large\"><img loading=\"lazy\" width=\"1024\" height=\"768\" data-id=\"562\"  src=\"https:\/\/asosabau.de\/wp-content\/uploads\/2023\/02\/IMG_1853-1024x768.jpg\" alt=\"\" class=\"wp-image-562 img-responsive\" srcset=\"https:\/\/asosabau.de\/wp-content\/uploads\/2023\/02\/IMG_1853-1024x768.jpg 1024w, https:\/\/asosabau.de\/wp-content\/uploads\/2023\/02\/IMG_1853-300x225.jpg 300w, https:\/\/asosabau.de\/wp-content\/uploads\/2023\/02\/IMG_1853-768x576.jpg 768w, https:\/\/asosabau.de\/wp-content\/uploads\/2023\/02\/IMG_1853-1536x1152.jpg 1536w, https:\/\/asosabau.de\/wp-content\/uploads\/2023\/02\/IMG_1853-2048x1536.jpg 2048w\" sizes=\"(max-width: 1024px) 100vw, 1024px\" \/><\/figure>\n\n\n\n<figure class=\"wp-block-image size-large\"><img loading=\"lazy\" width=\"1024\" height=\"768\" data-id=\"560\"  src=\"https:\/\/asosabau.de\/wp-content\/uploads\/2023\/02\/IMG_1867-1024x768.jpg\" alt=\"\" class=\"wp-image-560 img-responsive\" srcset=\"https:\/\/asosabau.de\/wp-content\/uploads\/2023\/02\/IMG_1867-1024x768.jpg 1024w, https:\/\/asosabau.de\/wp-content\/uploads\/2023\/02\/IMG_1867-300x225.jpg 300w, https:\/\/asosabau.de\/wp-content\/uploads\/2023\/02\/IMG_1867-768x576.jpg 768w, https:\/\/asosabau.de\/wp-content\/uploads\/2023\/02\/IMG_1867-1536x1152.jpg 1536w, https:\/\/asosabau.de\/wp-content\/uploads\/2023\/02\/IMG_1867-2048x1536.jpg 2048w\" sizes=\"(max-width: 1024px) 100vw, 1024px\" \/><\/figure>\n<\/figure>\n\n\n\n<div class=\"wp-container-69f1f9a8e4370 wp-block-group\"><div class=\"wp-block-group__inner-container\">\n<div class=\"wp-block-columns\">\n<div class=\"wp-block-column\">\n<div class=\"wp-container-69f1f9a8e2fbb wp-block-buttons\">\n<div class=\"wp-block-button is-style-outline\"><a class=\"wp-block-button__link\" href=\"\/#projects-grid\">Zur Pr\u00e4sentation<\/a><\/div>\n<\/div>\n<\/div>\n\n\n\n<div class=\"wp-block-column\">\n<div class=\"wp-container-69f1f9a8e3a1d wp-block-buttons\">\n<div class=\"wp-block-button is-style-outline\"><a class=\"wp-block-button__link\" href=\"\/#contact\">Angebot anfragen<\/a><\/div>\n<\/div>\n<\/div>\n<\/div>\n<\/div><\/div>\n\n\n\n<p><\/p>\n","protected":false},"excerpt":{"rendered":"<p>Um eine nachhaltige Sicherung der Fugen in Betonbodenplatten zu gew\u00e4hrleisten, ist der Einsatz von Fugenprofilen daher zwingend erforderlich. Insbesondere bei Transportfahrzeugen mit h\u00f6herem Reifendruck sowie einer gro\u00dfen [&hellip;]<\/p>\n","protected":false},"author":1,"featured_media":0,"parent":0,"menu_order":0,"comment_status":"closed","ping_status":"closed","template":"","meta":[],"_links":{"self":[{"href":"https:\/\/asosabau.de\/index.php?rest_route=\/wp\/v2\/pages\/222"}],"collection":[{"href":"https:\/\/asosabau.de\/index.php?rest_route=\/wp\/v2\/pages"}],"about":[{"href":"https:\/\/asosabau.de\/index.php?rest_route=\/wp\/v2\/types\/page"}],"author":[{"embeddable":true,"href":"https:\/\/asosabau.de\/index.php?rest_route=\/wp\/v2\/users\/1"}],"replies":[{"embeddable":true,"href":"https:\/\/asosabau.de\/index.php?rest_route=%2Fwp%2Fv2%2Fcomments&post=222"}],"version-history":[{"count":6,"href":"https:\/\/asosabau.de\/index.php?rest_route=\/wp\/v2\/pages\/222\/revisions"}],"predecessor-version":[{"id":566,"href":"https:\/\/asosabau.de\/index.php?rest_route=\/wp\/v2\/pages\/222\/revisions\/566"}],"wp:attachment":[{"href":"https:\/\/asosabau.de\/index.php?rest_route=%2Fwp%2Fv2%2Fmedia&parent=222"}],"curies":[{"name":"wp","href":"https:\/\/api.w.org\/{rel}","templated":true}]}}