{"id":259,"date":"2022-03-03T13:01:45","date_gmt":"2022-03-03T13:01:45","guid":{"rendered":"https:\/\/asosa.eurotrendmedia.de\/?page_id=259"},"modified":"2022-03-03T13:34:53","modified_gmt":"2022-03-03T13:34:53","slug":"industrieboden","status":"publish","type":"page","link":"https:\/\/asosabau.de\/?page_id=259","title":{"rendered":"Industrieboden"},"content":{"rendered":"\n<div class=\"wp-block-columns has-white-color has-text-color has-background\" style=\"background-color:#121a21\">\n<div class=\"wp-block-column\" style=\"flex-basis:25%\"><\/div>\n\n\n\n<div class=\"wp-block-column\" style=\"flex-basis:50%\">\n<p><\/p>\n\n\n\n<p><\/p>\n\n\n\n<p style=\"font-size:30px\"><strong>EIN INDUSTRIEFU\u00dfBODEN ENTSTEHT&#8230;<\/strong><\/p>\n\n\n\n<p>Nach unserer erfolgreichen Gesch\u00e4ftst\u00e4tigkeit in den letzten Jahren sind wir nun mit einem erneuerten Maschinenpark, zeitgem\u00e4\u00dfen Gesch\u00e4ftsr\u00e4umen und unserem modernen Vertriebszentrum f\u00fcr Sie t\u00e4tig. Alle Betriebsteile wie Auftragsplanung, Verwaltung und Kundenservice, aber auch der Bauhof sind nunmehr unter einem Dach vereinigt.<\/p>\n\n\n\n<p>Unsere langj\u00e4hrige Erfahrung im Betonbodenbau und unsere geschulten Mitarbeiter versetzen uns in die Lage, uns jetzt und in Zukunft gewissenhaft und nachhaltig f\u00fcr Sie und Ihre Anforderungen einzusetzen.<\/p>\n\n\n\n<p>Es ist und bleibt unser Ziel, Sie als unseren Kunden zufrieden zu stellen und dar\u00fcber hinaus weitere Interessenten in einem gr\u00f6\u00dferen geografischen Raum f\u00fcr unsere Produkte zu gewinnen.<\/p>\n\n\n\n<p>Des weiteren sind wir daran interessiert, Ihnen durch kompetente Beratung und eine erweiterte Bandbreite an Leistungen individuelle L\u00f6sungen f\u00fcr Ihre produktspezifischen Bed\u00fcrfnisse zu erarbeiten und umzusetzen.<\/p>\n\n\n\n<p>Machen Sie davon Gebrauch !<\/p>\n\n\n\n<figure class=\"wp-block-image size-full\"><img loading=\"lazy\" width=\"1600\" height=\"900\" src=\"https:\/\/asosa.eurotrendmedia.de\/wp-content\/uploads\/2022\/03\/header-1.jpg\" alt=\"\" class=\"wp-image-256 img-responsive\" srcset=\"https:\/\/asosabau.de\/wp-content\/uploads\/2022\/03\/header-1.jpg 1600w, https:\/\/asosabau.de\/wp-content\/uploads\/2022\/03\/header-1-300x169.jpg 300w, https:\/\/asosabau.de\/wp-content\/uploads\/2022\/03\/header-1-1024x576.jpg 1024w, https:\/\/asosabau.de\/wp-content\/uploads\/2022\/03\/header-1-768x432.jpg 768w, https:\/\/asosabau.de\/wp-content\/uploads\/2022\/03\/header-1-1536x864.jpg 1536w\" sizes=\"(max-width: 1600px) 100vw, 1600px\" \/><\/figure>\n<\/div>\n\n\n\n<div class=\"wp-block-column\" style=\"flex-basis:25%\"><\/div>\n<\/div>\n\n\n\n<div class=\"wp-block-columns\">\n<div class=\"wp-block-column\"><\/div>\n<\/div>\n\n\n\n<p><\/p>\n","protected":false},"excerpt":{"rendered":"<p>EIN INDUSTRIEFU\u00dfBODEN ENTSTEHT&#8230; Nach unserer erfolgreichen Gesch\u00e4ftst\u00e4tigkeit in den letzten Jahren sind wir nun mit einem erneuerten Maschinenpark, zeitgem\u00e4\u00dfen Gesch\u00e4ftsr\u00e4umen und unserem modernen Vertriebszentrum f\u00fcr Sie t\u00e4tig. [&hellip;]<\/p>\n","protected":false},"author":1,"featured_media":0,"parent":0,"menu_order":0,"comment_status":"closed","ping_status":"closed","template":"redux-templates_full_width","meta":[],"_links":{"self":[{"href":"https:\/\/asosabau.de\/index.php?rest_route=\/wp\/v2\/pages\/259"}],"collection":[{"href":"https:\/\/asosabau.de\/index.php?rest_route=\/wp\/v2\/pages"}],"about":[{"href":"https:\/\/asosabau.de\/index.php?rest_route=\/wp\/v2\/types\/page"}],"author":[{"embeddable":true,"href":"https:\/\/asosabau.de\/index.php?rest_route=\/wp\/v2\/users\/1"}],"replies":[{"embeddable":true,"href":"https:\/\/asosabau.de\/index.php?rest_route=%2Fwp%2Fv2%2Fcomments&post=259"}],"version-history":[{"count":14,"href":"https:\/\/asosabau.de\/index.php?rest_route=\/wp\/v2\/pages\/259\/revisions"}],"predecessor-version":[{"id":275,"href":"https:\/\/asosabau.de\/index.php?rest_route=\/wp\/v2\/pages\/259\/revisions\/275"}],"wp:attachment":[{"href":"https:\/\/asosabau.de\/index.php?rest_route=%2Fwp%2Fv2%2Fmedia&parent=259"}],"curies":[{"name":"wp","href":"https:\/\/api.w.org\/{rel}","templated":true}]}}