{"id":325,"date":"2022-03-19T07:10:43","date_gmt":"2022-03-19T07:10:43","guid":{"rendered":"https:\/\/asosa.eurotrendmedia.de\/?page_id=325"},"modified":"2022-05-15T13:36:23","modified_gmt":"2022-05-15T13:36:23","slug":"fugenarbeiten","status":"publish","type":"page","link":"https:\/\/asosabau.de\/?page_id=325","title":{"rendered":"Fugenarbeiten"},"content":{"rendered":"\n<p>Durch das Einschneiden des erh\u00e4rteten Betonbodens wird die Bildung von Rissen nachtr\u00e4glich verhindert.&nbsp; Nach dem Aush\u00e4rten des Betons wird der Querschnitt durch die &#8222;k\u00fcnstlich hergestellten Risse&#8220; in der Bodenplatte geschw\u00e4cht und das Auftreten der Risse an einer definierten Stelle hervorgerufen. Die beim Fugenschneiden entstandene Betonschl\u00e4mme wird von uns sofort mit einem Nasssauger beseitigt. Dadurch wird vermieden, dass sich die Zementschl\u00e4mme erneut absetzt und die Oberfl\u00e4che angreift.<\/p>\n\n\n\n<figure class=\"wp-block-gallery has-nested-images columns-default is-cropped\">\n<figure class=\"wp-block-image size-large\"><a href=\"https:\/\/asosabau.de\/wp-content\/uploads\/2022\/03\/1-1.jpg\"><img loading=\"lazy\" width=\"892\" height=\"566\" data-id=\"424\"  src=\"https:\/\/asosa.eurotrendmedia.de\/wp-content\/uploads\/2022\/03\/1-1.jpg\" alt=\"\" class=\"wp-image-424 img-responsive\" srcset=\"https:\/\/asosabau.de\/wp-content\/uploads\/2022\/03\/1-1.jpg 892w, https:\/\/asosabau.de\/wp-content\/uploads\/2022\/03\/1-1-300x190.jpg 300w, https:\/\/asosabau.de\/wp-content\/uploads\/2022\/03\/1-1-768x487.jpg 768w\" sizes=\"(max-width: 892px) 100vw, 892px\" \/><\/a><\/figure>\n\n\n\n<figure class=\"wp-block-image size-large\"><a href=\"https:\/\/asosabau.de\/wp-content\/uploads\/2022\/03\/2-1.jpg\"><img loading=\"lazy\" width=\"945\" height=\"566\" data-id=\"425\"  src=\"https:\/\/asosa.eurotrendmedia.de\/wp-content\/uploads\/2022\/03\/2-1.jpg\" alt=\"\" class=\"wp-image-425 img-responsive\" srcset=\"https:\/\/asosabau.de\/wp-content\/uploads\/2022\/03\/2-1.jpg 945w, https:\/\/asosabau.de\/wp-content\/uploads\/2022\/03\/2-1-300x180.jpg 300w, https:\/\/asosabau.de\/wp-content\/uploads\/2022\/03\/2-1-768x460.jpg 768w\" sizes=\"(max-width: 945px) 100vw, 945px\" \/><\/a><\/figure>\n\n\n\n<figure class=\"wp-block-image size-large\"><a href=\"https:\/\/asosabau.de\/wp-content\/uploads\/2022\/03\/3-2.jpg\"><img loading=\"lazy\" width=\"712\" height=\"620\" data-id=\"426\"  src=\"https:\/\/asosa.eurotrendmedia.de\/wp-content\/uploads\/2022\/03\/3-2.jpg\" alt=\"\" class=\"wp-image-426 img-responsive\" srcset=\"https:\/\/asosabau.de\/wp-content\/uploads\/2022\/03\/3-2.jpg 712w, https:\/\/asosabau.de\/wp-content\/uploads\/2022\/03\/3-2-300x261.jpg 300w\" sizes=\"(max-width: 712px) 100vw, 712px\" \/><\/a><\/figure>\n\n\n\n<figure class=\"wp-block-image size-large\"><a href=\"https:\/\/asosabau.de\/wp-content\/uploads\/2022\/03\/4-2.jpg\"><img loading=\"lazy\" width=\"1024\" height=\"538\" data-id=\"428\"  src=\"https:\/\/asosa.eurotrendmedia.de\/wp-content\/uploads\/2022\/03\/4-2-1024x538.jpg\" alt=\"\" class=\"wp-image-428 img-responsive\" srcset=\"https:\/\/asosabau.de\/wp-content\/uploads\/2022\/03\/4-2-1024x538.jpg 1024w, https:\/\/asosabau.de\/wp-content\/uploads\/2022\/03\/4-2-300x158.jpg 300w, https:\/\/asosabau.de\/wp-content\/uploads\/2022\/03\/4-2-768x404.jpg 768w, https:\/\/asosabau.de\/wp-content\/uploads\/2022\/03\/4-2.jpg 1179w\" sizes=\"(max-width: 1024px) 100vw, 1024px\" \/><\/a><\/figure>\n\n\n\n<figure class=\"wp-block-image size-large\"><a href=\"https:\/\/asosabau.de\/wp-content\/uploads\/2022\/03\/5-1.jpg\"><img loading=\"lazy\" width=\"1024\" height=\"602\" data-id=\"427\"  src=\"https:\/\/asosa.eurotrendmedia.de\/wp-content\/uploads\/2022\/03\/5-1-1024x602.jpg\" alt=\"\" class=\"wp-image-427 img-responsive\" srcset=\"https:\/\/asosabau.de\/wp-content\/uploads\/2022\/03\/5-1-1024x602.jpg 1024w, https:\/\/asosabau.de\/wp-content\/uploads\/2022\/03\/5-1-300x176.jpg 300w, https:\/\/asosabau.de\/wp-content\/uploads\/2022\/03\/5-1-768x452.jpg 768w, https:\/\/asosabau.de\/wp-content\/uploads\/2022\/03\/5-1.jpg 1054w\" sizes=\"(max-width: 1024px) 100vw, 1024px\" \/><\/a><\/figure>\n<\/figure>\n\n\n\n<div class=\"wp-container-69f20c68697a8 wp-block-group\"><div class=\"wp-block-group__inner-container\">\n<div class=\"wp-block-columns\">\n<div class=\"wp-block-column\">\n<div class=\"wp-container-69f20c6868393 wp-block-buttons\">\n<div class=\"wp-block-button is-style-outline\"><a class=\"wp-block-button__link\" href=\"\/#projects-grid\">Zur Pr\u00e4sentation<\/a><\/div>\n<\/div>\n<\/div>\n\n\n\n<div class=\"wp-block-column\">\n<div class=\"wp-container-69f20c6868e32 wp-block-buttons\">\n<div class=\"wp-block-button is-style-outline\"><a class=\"wp-block-button__link\" href=\"\/#contact\">Angebot anfragen<\/a><\/div>\n<\/div>\n<\/div>\n<\/div>\n<\/div><\/div>\n","protected":false},"excerpt":{"rendered":"<p>Durch das Einschneiden des erh\u00e4rteten Betonbodens wird die Bildung von Rissen nachtr\u00e4glich verhindert.&nbsp; Nach dem Aush\u00e4rten des Betons wird der Querschnitt durch die &#8222;k\u00fcnstlich hergestellten Risse&#8220; in [&hellip;]<\/p>\n","protected":false},"author":1,"featured_media":0,"parent":0,"menu_order":0,"comment_status":"closed","ping_status":"closed","template":"","meta":[],"_links":{"self":[{"href":"https:\/\/asosabau.de\/index.php?rest_route=\/wp\/v2\/pages\/325"}],"collection":[{"href":"https:\/\/asosabau.de\/index.php?rest_route=\/wp\/v2\/pages"}],"about":[{"href":"https:\/\/asosabau.de\/index.php?rest_route=\/wp\/v2\/types\/page"}],"author":[{"embeddable":true,"href":"https:\/\/asosabau.de\/index.php?rest_route=\/wp\/v2\/users\/1"}],"replies":[{"embeddable":true,"href":"https:\/\/asosabau.de\/index.php?rest_route=%2Fwp%2Fv2%2Fcomments&post=325"}],"version-history":[{"count":3,"href":"https:\/\/asosabau.de\/index.php?rest_route=\/wp\/v2\/pages\/325\/revisions"}],"predecessor-version":[{"id":522,"href":"https:\/\/asosabau.de\/index.php?rest_route=\/wp\/v2\/pages\/325\/revisions\/522"}],"wp:attachment":[{"href":"https:\/\/asosabau.de\/index.php?rest_route=%2Fwp%2Fv2%2Fmedia&parent=325"}],"curies":[{"name":"wp","href":"https:\/\/api.w.org\/{rel}","templated":true}]}}