{"id":344,"date":"2022-03-21T14:01:21","date_gmt":"2022-03-21T14:01:21","guid":{"rendered":"https:\/\/asosa.eurotrendmedia.de\/?page_id=344"},"modified":"2022-05-15T13:38:32","modified_gmt":"2022-05-15T13:38:32","slug":"superflat-bodenplatte","status":"publish","type":"page","link":"https:\/\/asosabau.de\/?page_id=344","title":{"rendered":"Superflat Bodenplatte"},"content":{"rendered":"\n<p>Die Superflat Bodenplatte entspricht die h\u00f6chsten Ebenheitsanforderungen. Dies ist der Grund warum diese Bodenplatte haupts\u00e4chlich angewendet wird in&nbsp;Schmalgangregallagern und\/oder Hochregallagern. Diese Bodenplatte wird fugenlos eingebaut, bietet einen hohen Komfort, maximale Gabelstaplergeschwindigkeit und ist sehr Wartungsarm.<\/p>\n\n\n\n<figure class=\"wp-block-image size-large\"><a href=\"https:\/\/asosabau.de\/wp-content\/uploads\/2022\/03\/Superflat-Bodenplatte.jpg\"><img loading=\"lazy\" width=\"1024\" height=\"262\" src=\"https:\/\/asosabau.de\/wp-content\/uploads\/2022\/03\/Superflat-Bodenplatte-1024x262.jpg\" alt=\"\" class=\"wp-image-443 img-responsive\" srcset=\"https:\/\/asosabau.de\/wp-content\/uploads\/2022\/03\/Superflat-Bodenplatte-1024x262.jpg 1024w, https:\/\/asosabau.de\/wp-content\/uploads\/2022\/03\/Superflat-Bodenplatte-300x77.jpg 300w, https:\/\/asosabau.de\/wp-content\/uploads\/2022\/03\/Superflat-Bodenplatte-768x197.jpg 768w, https:\/\/asosabau.de\/wp-content\/uploads\/2022\/03\/Superflat-Bodenplatte.jpg 1406w\" sizes=\"(max-width: 1024px) 100vw, 1024px\" \/><\/a><\/figure>\n\n\n\n<p><strong>Anwendungsbereich<\/strong><\/p>\n\n\n\n<p>Distributionszentren, (haupts\u00e4chlich) f\u00fcr Schmalgangregallager und\/oder Hochregallager mit induktionsgef\u00fchrten Gabelstaplern.<\/p>\n\n\n\n<p><strong>Allgemeine Eigenschaften<\/strong><strong><br><\/strong><br>Die Superflat Bodenplatte wurde entwickelt um maximale Funktionalit\u00e4t und minimale Wartung zu bieten. Inh\u00e4rent an fugenlosen Bodenplatten ist das Entstehen von Craquel\u00e9 und Schwindrissen. Diese Risse haben keine negativen Auswirkungen auf die Funktionalit\u00e4t der Bodenplatte und sollten akzeptiert werden. F\u00fcr ein optimales Ergebnis sollten unsere Ausf\u00fchrungsbedingungen eingehalten werden.<\/p>\n\n\n\n<p><strong>Wartung<\/strong><\/p>\n\n\n\n<p><strong>Wegen ausreichender Bewehrung und des Fehlens von Fugen ist die fugenlose Superflat Bodenplatte sehr Wartungsarm. Eventuelle Reparatur von M\u00e4ngeln ist erst erforderlich&nbsp;<\/strong>wenn die M\u00e4ngel die Funktionalit\u00e4t der Bodenplatte negativ beeinflussen. Dies geh\u00f6rt zu der normalen Wartung der Bodenplatte.<\/p>\n\n\n\n<p><strong>Technische Beschreibung<\/strong><\/p>\n\n\n\n<figure class=\"wp-block-table\"><table><tbody><tr><td>Bodenplatte<\/td><td>Superflat<\/td><\/tr><tr><td>Typ<\/td><td>Fugenlose Stahlbetonbodenplatte<\/td><\/tr><tr><td>Belastungen<\/td><td>Gem\u00e4\u00df Leistungsverzeichnis<\/td><\/tr><tr><td>Ebenheiten<\/td><td>DIN 15185-1, VDMA<\/td><\/tr><tr><td>Oberfl\u00e4che<\/td><td>Fl\u00fcgelgegl\u00e4ttet<\/td><\/tr><tr><td>Produktionsmethode<\/td><td>Super Screed<\/td><\/tr><tr><td>Oberfl\u00e4chenverg\u00fctung<\/td><td>Hartstoffeinstreuung<\/td><\/tr><tr><td>Nachbehandlung<\/td><td>Curing Compound; ggf. Folie oder Betonversiegelung<\/td><\/tr><\/tbody><\/table><\/figure>\n\n\n\n<p><strong>Super Screed<\/strong><\/p>\n\n\n\n<p>Der Super Screed ist eine lange, hydraulisch angetriebene Rolle mit der man Bodenplatten mit erh\u00f6hten Ebenheiten in einem Arbeitsgang herstellen kann. Mit dieser Maschine kann man Bahne mit der h\u00f6chsten Ebenheitsanforderungen bis zu 21,3 m\u00b9 Breite einbauen. Dementsprechend wird der Super Screed angewendet um Bodenplatten einzubauen f\u00fcr Schmalgangregale mit sehr hohen&nbsp;Hubh\u00f6hen.<\/p>\n","protected":false},"excerpt":{"rendered":"<p>Die Superflat Bodenplatte entspricht die h\u00f6chsten Ebenheitsanforderungen. Dies ist der Grund warum diese Bodenplatte haupts\u00e4chlich angewendet wird in&nbsp;Schmalgangregallagern und\/oder Hochregallagern. Diese Bodenplatte wird fugenlos eingebaut, bietet einen [&hellip;]<\/p>\n","protected":false},"author":1,"featured_media":0,"parent":0,"menu_order":0,"comment_status":"closed","ping_status":"closed","template":"","meta":[],"_links":{"self":[{"href":"https:\/\/asosabau.de\/index.php?rest_route=\/wp\/v2\/pages\/344"}],"collection":[{"href":"https:\/\/asosabau.de\/index.php?rest_route=\/wp\/v2\/pages"}],"about":[{"href":"https:\/\/asosabau.de\/index.php?rest_route=\/wp\/v2\/types\/page"}],"author":[{"embeddable":true,"href":"https:\/\/asosabau.de\/index.php?rest_route=\/wp\/v2\/users\/1"}],"replies":[{"embeddable":true,"href":"https:\/\/asosabau.de\/index.php?rest_route=%2Fwp%2Fv2%2Fcomments&post=344"}],"version-history":[{"count":3,"href":"https:\/\/asosabau.de\/index.php?rest_route=\/wp\/v2\/pages\/344\/revisions"}],"predecessor-version":[{"id":526,"href":"https:\/\/asosabau.de\/index.php?rest_route=\/wp\/v2\/pages\/344\/revisions\/526"}],"wp:attachment":[{"href":"https:\/\/asosabau.de\/index.php?rest_route=%2Fwp%2Fv2%2Fmedia&parent=344"}],"curies":[{"name":"wp","href":"https:\/\/api.w.org\/{rel}","templated":true}]}}