{"id":351,"date":"2022-03-23T08:56:20","date_gmt":"2022-03-23T08:56:20","guid":{"rendered":"https:\/\/asosa.eurotrendmedia.de\/?page_id=351"},"modified":"2022-03-23T10:58:13","modified_gmt":"2022-03-23T10:58:13","slug":"verarbeitungsverzeichnis","status":"publish","type":"page","link":"https:\/\/asosabau.de\/?page_id=351","title":{"rendered":"Verarbeitungsverzeichnis"},"content":{"rendered":"\n<h1 id=\"verzeichnis-von-verarbeitungstatigkeiten-verantwortlicher-gem-artikel-30-abs-1-dsgvo\">Verzeichnis von Verarbeitungst\u00e4tigkeiten Verantwortlicher gem. Artikel 30 Abs. 1 DSGVO<\/h1>\n\n\n\n<h2 id=\"inhaltsverzeichnis\">Inhaltsverzeichnis<\/h2>\n\n\n\n<ol><li>Angaben zum Verantwortlichen<\/li><li>Angaben zur Person des Datenschutzbeauftragten<\/li><li>Verarbeitungst\u00e4tigkeit: Lohnabrechnung f\u00fcr Besch\u00e4ftigte \/ Personalakte<\/li><li>Verarbeitungst\u00e4tigkeit: Analyse des Nutzerverhaltens (Webanalyse)<\/li><li>Verarbeitungst\u00e4tigkeit: Abwicklung von Bestellungen<\/li><li>Verarbeitungst\u00e4tigkeit: Zahlungsabwicklung von Kundenbestellungen<\/li><li>Verarbeitungst\u00e4tigkeit: Lieferung von Waren<\/li><li>Verarbeitungst\u00e4tigkeit: Forderungsbeitreibung (Inkasso)<\/li><li>Technische und organisatorische Ma\u00dfnahmen (TOM) zum Schutz von personenbezogenen Daten<\/li><li>Sonstige Hinweise<\/li><\/ol>\n\n\n\n<h2 id=\"1-angaben-zum-verantwortlichen\">1) Angaben zum Verantwortlichen<\/h2>\n\n\n\n<p>Verantwortlicher f\u00fcr die Datenverarbeitung auf dieser Website im Sinne der Datenschutz-Grundverordnung (DSGVO) ist ASOSA Bauunternehmen GmbH.<\/p>\n\n\n\n<h2 id=\"2-angaben-zur-person-des-datenschutzbeauftragten\">2) Angaben zur Person des Datenschutzbeauftragten<\/h2>\n\n\n\n<p>Der Verantwortliche hat einen Datenschutzbeauftragten bestellt, dieser ist wie folgt zu erreichen: &#8222;Herr Oguzhan Yilmaz, ASOSA Bauunternehmen GmbH,&nbsp;Berliner Ring 163 b, 64625 Bensheim, Deutschland, Tel.: 06241 &#8211;&nbsp;500 377 0, E-Mail: info@asosabau.de&#8220;<\/p>\n\n\n\n<h2 id=\"3-verarbeitungstatigkeit-lohnabrechnung-fur-beschaftigte-personalakte\">3) Verarbeitungst\u00e4tigkeit: Lohnabrechnung f\u00fcr Besch\u00e4ftigte \/ Personalakte<\/h2>\n\n\n\n<p>Nachfolgend geht es um die Beschreibung des Verfahrens, welche die Lohnabrechnung f\u00fcr Besch\u00e4ftige sowie das F\u00fchren der Personalakte zum Inhalt hat:<\/p>\n\n\n\n<p><strong>3.1<\/strong>\u2009Wir verarbeiten personenbezogene Daten zu folgendem Zweck: Lohnabrechnung f\u00fcr Besch\u00e4ftigte \/ F\u00fchren der Personalakte<\/p>\n\n\n\n<p><strong>3.2<\/strong>\u2009Wir verarbeiten personenbezogene Daten der folgenden Kategorie(n) betroffener Personen: Besch\u00e4ftigte<\/p>\n\n\n\n<p><strong>3.3<\/strong>\u2009Wir verarbeiten personenbezogene Daten der folgenden Datenkategorie\/n:<\/p>\n\n\n\n<ul><li>Arbeitszeit<\/li><li>Bankverbindung<\/li><li>bisherige T\u00e4tigkeitsbereiche<\/li><li>Geburtsdatum<\/li><li>Krankmeldungen<\/li><li>Lohndaten<\/li><li>Mitarbeiter-Stammdaten mit Adressdaten<\/li><li>Personaldaten<\/li><li>Religi\u00f6se Zugeh\u00f6rigkeit<\/li><\/ul>\n\n\n\n<p><strong>3.4<\/strong>\u2009Wir \u00fcbermitteln personenbezogene Daten an folgende Kategorien von Empf\u00e4ngern:<\/p>\n\n\n\n<ul><li>Banken<\/li><li>Finanzbeh\u00f6rde<\/li><li>Finanzabteilung<\/li><li>Personalabteilung<\/li><li>Sozialversicherungstr\u00e4ger<\/li><li>Steuerberater<\/li><\/ul>\n\n\n\n<p><strong>3.5<\/strong>\u2009Eine Daten\u00fcbermittlung in ein Drittland findet nicht statt.<\/p>\n\n\n\n<h2 id=\"4-verarbeitungstatigkeit-analyse-des-nutzerverhaltens-webanalyse\">4) Verarbeitungst\u00e4tigkeit: Analyse des Nutzerverhaltens (Webanalyse)<\/h2>\n\n\n\n<p>Nachfolgend geht es um die Beschreibung des Verfahrens, welche die Analyse des Nutzerverhaltens hinsichtlich unserer Internetpr\u00e4senz\/en zum Inhalt hat.<\/p>\n\n\n\n<p><strong>4.1<\/strong>\u2009Wir verarbeiten personenbezogene Daten zu folgendem Zweck: Analyse des Nutzerverhaltens, Optimierung der eigenen Internetpr\u00e4senz, Statistische Auswertungen<\/p>\n\n\n\n<p><strong>4.2<\/strong>\u2009Wir verarbeiten personenbezogene Daten der folgenden Kategorie(n) betroffener Personen: Kunden, Webseitenbesucher<\/p>\n\n\n\n<p><strong>4.3<\/strong>\u2009Wir verarbeiten personenbezogene Daten der folgenden Datenkategorie\/n:<\/p>\n\n\n\n<ul><li>IP-Adressen &#8211; L\u00f6schfrist: 30 Tage<\/li><li>Verhaltensdaten &#8211; L\u00f6schfrist: bis Widerruf bzw. Widerspruch, sofern nicht l\u00e4ngere gesetzliche Aufbewahrungsfrist besteht<\/li><\/ul>\n\n\n\n<p><strong>4.4<\/strong>\u2009Wir \u00fcbermitteln personenbezogene Daten an folgende Kategorien von Empf\u00e4ngern:<\/p>\n\n\n\n<p>&#8211; Marketingabteilung<\/p>\n\n\n\n<p><strong>4.5<\/strong>\u2009Eine Daten\u00fcbermittlung in ein Drittland findet nicht statt.<\/p>\n\n\n\n<h2 id=\"5-verarbeitungstatigkeit-abwicklung-von-bestellungen\">5) Verarbeitungst\u00e4tigkeit: Abwicklung von Bestellungen<\/h2>\n\n\n\n<p>Nachfolgend geht es um die Beschreibung des Verfahrens, welche die Verarbeitung von Daten im Rahmen der Abwicklung einer Bestellung zum Inhalt hat.<\/p>\n\n\n\n<p><strong>5.1<\/strong>\u2009Wir verarbeiten personenbezogene Daten zu folgendem Zweck: Abwicklung von Kundenbestellungen.<\/p>\n\n\n\n<p><strong>5.2<\/strong>\u2009Wir verarbeiten personenbezogene Daten der folgenden Kategorie(n) betroffener Personen: Kunden<\/p>\n\n\n\n<p><strong>5.3<\/strong>\u2009Wir verarbeiten personenbezogene Daten der folgenden Datenkategorie\/n:<\/p>\n\n\n\n<ul><li>Bonit\u00e4tsdaten &#8211; L\u00f6schfrist: 10 Jahre (gesetzliche Aufbewahrungsfrist)<\/li><li>IP-Adressen \u2013 L\u00f6schfrist: 30 Tage<\/li><li>Kunden-Kontaktdaten &#8211; L\u00f6schfrist: 10 Jahre (gesetzliche Aufbewahrungsfrist)<\/li><li>Zahlungsdaten (Bankverbindung) &#8211; 10 Jahre (gesetzliche Aufbewahrungsfrist)<\/li><\/ul>\n\n\n\n<p><strong>5.4<\/strong>\u2009Wir \u00fcbermitteln personenbezogene Daten an folgende Kategorien von Empf\u00e4ngern:<\/p>\n\n\n\n<ul><li>Dienstleister\/Drittanbieter<\/li><li>Kundendienst<\/li><li>Versandabteilung<\/li><li>Versanddienstleister<\/li><li>Versicherungen<\/li><li>Zahlungsdienstleister<\/li><\/ul>\n\n\n\n<p><strong>5.5<\/strong>\u2009Eine Daten\u00fcbermittlung in ein Drittland findet nicht statt.<\/p>\n\n\n\n<h2 id=\"6-verarbeitungstatigkeit-zahlungsabwicklung-von-kundenbestellungen\">6) Verarbeitungst\u00e4tigkeit: Zahlungsabwicklung von Kundenbestellungen<\/h2>\n\n\n\n<p>Nachfolgend geht es um die Beschreibung des Verfahrens, welche die Verarbeitung von Daten im Rahmen des Zahlvorgangs von Kunden zum Inhalt hat.<\/p>\n\n\n\n<p><strong>6.1<\/strong>\u2009Wir verarbeiten personenbezogene Daten zu folgendem Zweck: Zahlungabwicklung von Kundenbestellungen<\/p>\n\n\n\n<p><strong>6.2<\/strong>\u2009Wir verarbeiten personenbezogene Daten der folgenden Kategorie(n) betroffener Personen: Kunden<\/p>\n\n\n\n<p><strong>6.3<\/strong>\u2009Wir verarbeiten personenbezogene Daten der folgenden Datenkategorie\/n: Kunden-Kontaktdaten, Zahlungsdaten (L\u00f6schfrist: 10 Jahre (gesetzliche Aufbewahrungsfrist))<\/p>\n\n\n\n<p><strong>6.4<\/strong>\u2009Wir \u00fcbermitteln personenbezogene Daten an folgende Kategorien von Empf\u00e4ngern:<\/p>\n\n\n\n<ul><li>Banken<\/li><li>Finanzabteilung<\/li><li>Versicherungen<\/li><li>Zahlungsdienstleister<\/li><\/ul>\n\n\n\n<p><strong>6.5<\/strong>\u2009Eine Daten\u00fcbermittlung in ein Drittland findet nicht statt.<\/p>\n\n\n\n<h2 id=\"7-verarbeitungstatigkeit-lieferung-von-waren\">7) Verarbeitungst\u00e4tigkeit: Lieferung von Waren<\/h2>\n\n\n\n<p>Nachfolgend geht es um die Beschreibung des Verfahrens, welche die Lieferung von Waren an Kunden zum Inhalt hat.<\/p>\n\n\n\n<p><strong>7.1<\/strong>\u2009Wir verarbeiten personenbezogene Daten zu folgendem Zweck: Lieferung von Waren<\/p>\n\n\n\n<p><strong>7.2<\/strong>\u2009Wir verarbeiten personenbezogene Daten der folgenden Kategorie(n) betroffener Personen: Kunden<\/p>\n\n\n\n<p><strong>7.3<\/strong>\u2009Wir verarbeiten personenbezogene Daten der folgenden Datenkategorie\/n: Kunden-Kontaktdaten mit Adressdaten &#8211; L\u00f6schfrist: 10 Jahre (gesetzliche Aufbewahrungsfrist)<\/p>\n\n\n\n<p><strong>7.4<\/strong>\u2009Wir \u00fcbermitteln personenbezogene Daten an folgende Kategorien von Empf\u00e4ngern:<\/p>\n\n\n\n<ul><li>IT-Dienstleister<\/li><li>Versandabteilung<\/li><li>Versanddienstleister<\/li><\/ul>\n\n\n\n<p><strong>7.5<\/strong>\u2009Eine Daten\u00fcbermittlung in ein Drittland findet nicht statt.<\/p>\n\n\n\n<h2 id=\"8-verarbeitungstatigkeit-forderungsbeitreibung-inkasso\">8) Verarbeitungst\u00e4tigkeit: Forderungsbeitreibung (Inkasso)<\/h2>\n\n\n\n<p>Nachfolgend geht es um die Beschreibung des Verfahrens, welche die Verarbeitung von Daten bei der Forderungsbeitreibung zum Inhalt hat.<\/p>\n\n\n\n<p><strong>8.1<\/strong>\u2009Wir verarbeiten personenbezogene Daten zu folgendem Zweck: Forderungsbeitreibung<\/p>\n\n\n\n<p><strong>8.2<\/strong>\u2009Wir verarbeiten personenbezogene Daten der folgenden Kategorie(n) betroffener Personen: Kunden<\/p>\n\n\n\n<p><strong>8.3<\/strong>\u2009Wir verarbeiten personenbezogene Daten der folgenden Datenkategorie\/n:<\/p>\n\n\n\n<ul><li>Kunden-Kontaktdaten &#8211; L\u00f6schfrist: 10 Jahre (gesetzliche Aufbewahrungsfrist)<\/li><li>Zahlungsdaten (Bankverbindung) &#8211; 10 Jahre (gesetzliche Aufbewahrungsfrist)<\/li><li>Bonit\u00e4tsdaten &#8211; L\u00f6schfrist: 10 Jahre (gesetzliche Aufbewahrungsfrist)<\/li><\/ul>\n\n\n\n<p><strong>8.4<\/strong>\u2009Wir \u00fcbermitteln personenbezogene Daten an folgende Kategorien von Empf\u00e4ngern:<\/p>\n\n\n\n<ul><li>Inkassob\u00fcro<\/li><li>Rechtsanwalt<\/li><\/ul>\n\n\n\n<p><strong>8.5<\/strong>\u2009Eine Daten\u00fcbermittlung in ein Drittland findet nicht statt.<\/p>\n\n\n\n<h2 id=\"9-technische-und-organisatorische-massnahmen-tom-zum-schutz-von-personenbezogenen-daten\">9) Technische und organisatorische Ma\u00dfnahmen (TOM) zum Schutz von personenbezogenen Daten<\/h2>\n\n\n\n<p><strong>9.1<\/strong>\u2009Wir treffen folgende Ma\u00dfnahmen zur Sicherung personenbezogener Daten bzw. zur Gew\u00e4hrleistung der Betroffenenrechte:<\/p>\n\n\n\n<ul><li>Installation von aktueller Antiviren- und Sicherheitssoftware<\/li><li>Nutzung von Software, die mit Sicherheitsupdates durch Softwarehersteller versorgt wird<\/li><li>Regelm\u00e4\u00dfige Sicherung von Daten durch Backups<\/li><li>Regelm\u00e4\u00dfiger Passwortwechsel<\/li><li>Regelm\u00e4\u00dfiges Einspielen von Updates f\u00fcr installierte Programme<\/li><li>Sichere Verwahrung der Backupdatentr\u00e4ger<\/li><li>Sicheres Entfernen von Kundendaten vor Entsorgung von EDV-Ger\u00e4ten und Datentr\u00e4gern<\/li><li>Sperrung bei Eingabe falscher Passw\u00f6rter<\/li><li>Vernichtung von Papierakten mittels Papieraktenvernichter\/ Schredder<\/li><li>Verschl\u00fcsselung des WLAN-Netzes und Verwendung sicheren Passworts f\u00fcr WLAN-Router<\/li><li>Verwenden sicherer Passw\u00f6rter<\/li><li>Zulassen automatischer Updates f\u00fcr das Betriebssystem<\/li><\/ul>\n\n\n\n<p><strong>9.2<\/strong>\u2009Dar\u00fcber hinaus treffen wir zus\u00e4tzlich folgende Ma\u00dfnahmen:<\/p>\n\n\n\n<ul><li>Bereithalten von Feuerl\u00f6schern<\/li><li>Betrieb einer Alarmanlage<\/li><li>Durchf\u00fchrung von Datentr\u00e4gerkontrollen<\/li><li>EDV-Zugangsberechtigungen<\/li><li>Mitarbeiterschulungen<\/li><li>Nutzung unterbrechungsfreier Stromversorgung<\/li><li>Verschl\u00fcsselte Daten\u00fcbertragung des Webservers<\/li><li>Verschl\u00fcsselte E-Mail Kommunikation<\/li><li>Video\u00fcberwachung<\/li><li>Wartungsvertrag mit PC-Fachfirma zur Sicherstellung der Systemstabilit\u00e4t<\/li><li>Zugriffskontrolle bei Papierakten \/ Aufbewahrung von Zugriffskontrollen<\/li><li>Zugriffsprotokolle<\/li><\/ul>\n\n\n\n<h2 id=\"10-sonstige-hinweise\">10) Sonstige Hinweise<\/h2>\n\n\n\n<p><strong>10.1<\/strong>\u2009Datum der letzten \u00c4nderung dieses Verarbeitungsverzeichnisses: 11.06.2018<\/p>\n\n\n\n<p><strong>10.2<\/strong>\u2009Erg\u00e4nzend zu diesem Verarbeitungsverzeichnis nehmen wir Bezug auf unsere Datenschutzerkl\u00e4rung\/en, die der Anlage entnommen werden kann\/k\u00f6nnen.<\/p>\n","protected":false},"excerpt":{"rendered":"<p>Verzeichnis von Verarbeitungst\u00e4tigkeiten Verantwortlicher gem. Artikel 30 Abs. 1 DSGVO Inhaltsverzeichnis Angaben zum Verantwortlichen Angaben zur Person des Datenschutzbeauftragten Verarbeitungst\u00e4tigkeit: Lohnabrechnung f\u00fcr Besch\u00e4ftigte \/ Personalakte Verarbeitungst\u00e4tigkeit: Analyse [&hellip;]<\/p>\n","protected":false},"author":1,"featured_media":0,"parent":0,"menu_order":0,"comment_status":"closed","ping_status":"closed","template":"","meta":[],"_links":{"self":[{"href":"https:\/\/asosabau.de\/index.php?rest_route=\/wp\/v2\/pages\/351"}],"collection":[{"href":"https:\/\/asosabau.de\/index.php?rest_route=\/wp\/v2\/pages"}],"about":[{"href":"https:\/\/asosabau.de\/index.php?rest_route=\/wp\/v2\/types\/page"}],"author":[{"embeddable":true,"href":"https:\/\/asosabau.de\/index.php?rest_route=\/wp\/v2\/users\/1"}],"replies":[{"embeddable":true,"href":"https:\/\/asosabau.de\/index.php?rest_route=%2Fwp%2Fv2%2Fcomments&post=351"}],"version-history":[{"count":2,"href":"https:\/\/asosabau.de\/index.php?rest_route=\/wp\/v2\/pages\/351\/revisions"}],"predecessor-version":[{"id":440,"href":"https:\/\/asosabau.de\/index.php?rest_route=\/wp\/v2\/pages\/351\/revisions\/440"}],"wp:attachment":[{"href":"https:\/\/asosabau.de\/index.php?rest_route=%2Fwp%2Fv2%2Fmedia&parent=351"}],"curies":[{"name":"wp","href":"https:\/\/api.w.org\/{rel}","templated":true}]}}