{"id":360,"date":"2022-03-23T09:03:33","date_gmt":"2022-03-23T09:03:33","guid":{"rendered":"https:\/\/asosa.eurotrendmedia.de\/?page_id=360"},"modified":"2022-06-09T08:27:23","modified_gmt":"2022-06-09T08:27:23","slug":"impressum","status":"publish","type":"page","link":"https:\/\/asosabau.de\/?page_id=360","title":{"rendered":"Impressum"},"content":{"rendered":"\n<p>ASOSA Bauunternehmen&nbsp;GmbH<br><br>Obere Hauptstra\u00dfe 118<br>67551 Worms<br>Deutschland (Germany)<\/p>\n\n\n\n<p>Telefon: +49 (0)6241 &#8211;\u00a0500 377 &#8211; 0<br>Fax: +49 (0)6241 &#8211;\u00a0500 377 &#8211; 7<br>E-Mail: info(at)asosabau.de<br><br>Registergericht: AG Mainz<br>Registernummer: HRB 51094<\/p>\n\n\n\n<p>Gesch\u00e4ftsf\u00fchrer:&nbsp;Arif Ilhan Yilmaz<br><br>Umsatzsteuer-Identifikationsnummer gem\u00e4\u00df \u00a7 27 a Umsatzsteuergesetz: DE329878951<br><br>Plattform der EU-Kommission zur Online-Streitbeilegung: <a href=\"https:\/\/ec.europa.eu\/consumers\/odr\">https:\/\/ec.europa.eu\/consumers\/odr<\/a><br><br>Wir sind zur Teilnahme an einem Streitbeilegungsverfahren vor einer Verbraucherschlichtungsstelle weder verpflichtet noch bereit.<br><\/p>\n\n\n\n<p><a href=\"\/?page_id=346\">Datenschutzerkl\u00e4rung<\/a><br><a href=\"\/?page_id=349\">Allgemeine Gesch\u00e4ftsbedingungen<br><\/a><a href=\"\/?page_id=353\">Widerrufsbelehrung<\/a><br><a href=\"\/?page_id=351\">Verarbeitungsverzeichnis<\/a><\/p>\n","protected":false},"excerpt":{"rendered":"<p>ASOSA Bauunternehmen&nbsp;GmbH Obere Hauptstra\u00dfe 11867551 WormsDeutschland (Germany) Telefon: +49 (0)6241 &#8211;\u00a0500 377 &#8211; 0Fax: +49 (0)6241 &#8211;\u00a0500 377 &#8211; 7E-Mail: info(at)asosabau.de Registergericht: AG MainzRegisternummer: HRB 51094 Gesch\u00e4ftsf\u00fchrer:&nbsp;Arif [&hellip;]<\/p>\n","protected":false},"author":1,"featured_media":0,"parent":0,"menu_order":0,"comment_status":"closed","ping_status":"closed","template":"","meta":[],"_links":{"self":[{"href":"https:\/\/asosabau.de\/index.php?rest_route=\/wp\/v2\/pages\/360"}],"collection":[{"href":"https:\/\/asosabau.de\/index.php?rest_route=\/wp\/v2\/pages"}],"about":[{"href":"https:\/\/asosabau.de\/index.php?rest_route=\/wp\/v2\/types\/page"}],"author":[{"embeddable":true,"href":"https:\/\/asosabau.de\/index.php?rest_route=\/wp\/v2\/users\/1"}],"replies":[{"embeddable":true,"href":"https:\/\/asosabau.de\/index.php?rest_route=%2Fwp%2Fv2%2Fcomments&post=360"}],"version-history":[{"count":4,"href":"https:\/\/asosabau.de\/index.php?rest_route=\/wp\/v2\/pages\/360\/revisions"}],"predecessor-version":[{"id":529,"href":"https:\/\/asosabau.de\/index.php?rest_route=\/wp\/v2\/pages\/360\/revisions\/529"}],"wp:attachment":[{"href":"https:\/\/asosabau.de\/index.php?rest_route=%2Fwp%2Fv2%2Fmedia&parent=360"}],"curies":[{"name":"wp","href":"https:\/\/api.w.org\/{rel}","templated":true}]}}